{"id":11,"date":"2025-07-29T18:04:23","date_gmt":"2025-07-29T18:04:23","guid":{"rendered":"https:\/\/arbeitgeber-lsa.de\/?page_id=11"},"modified":"2026-04-09T15:31:58","modified_gmt":"2026-04-09T14:31:58","slug":"vorteile","status":"publish","type":"page","link":"https:\/\/arbeitgeber-lsa.de\/de\/vorteile\/","title":{"rendered":"Vorteile f\u00fcr Mitglieder"},"content":{"rendered":"<div class=\"wp-block-group is-layout-grid wp-container-core-group-is-layout-bacfd918 wp-block-group-is-layout-grid\">\n<div class=\"wp-block-uagb-info-box uagb-block-ce25f517 uagb-infobox__content-wrap  uagb-infobox_cta-type-all uagb-infobox-icon-above-title uagb-infobox-image-valign-top has-white-background-color\"><a href=\"\/de\/vorteile\/arbeitsbeziehungen-tarifpolitik\/\" class=\"uagb-infobox-link-wrap uagb-infbox__link-to-all\" target=\"_self\" aria-label=\"Infobox Link\" rel=\"noopener noreferrer\" onclick=\"return true;\"><\/a><div class=\"uagb-ifb-content\"><div class=\"uagb-ifb-icon-wrap\"><div class=\"uagb-iconbox-icon-wrap uagb-infobox-shape-circle\"><svg xmlns=\"https:\/\/www.w3.org\/2000\/svg\" viewbox=\"0 0 512 512\"><path d=\"M495.9 166.6C499.2 175.2 496.4 184.9 489.6 191.2L446.3 230.6C447.4 238.9 448 247.4 448 256C448 264.6 447.4 273.1 446.3 281.4L489.6 320.8C496.4 327.1 499.2 336.8 495.9 345.4C491.5 357.3 486.2 368.8 480.2 379.7L475.5 387.8C468.9 398.8 461.5 409.2 453.4 419.1C447.4 426.2 437.7 428.7 428.9 425.9L373.2 408.1C359.8 418.4 344.1 427 329.2 433.6L316.7 490.7C314.7 499.7 307.7 506.1 298.5 508.5C284.7 510.8 270.5 512 255.1 512C241.5 512 227.3 510.8 213.5 508.5C204.3 506.1 197.3 499.7 195.3 490.7L182.8 433.6C167 427 152.2 418.4 138.8 408.1L83.14 425.9C74.3 428.7 64.55 426.2 58.63 419.1C50.52 409.2 43.12 398.8 36.52 387.8L31.84 379.7C25.77 368.8 20.49 357.3 16.06 345.4C12.82 336.8 15.55 327.1 22.41 320.8L65.67 281.4C64.57 273.1 64 264.6 64 256C64 247.4 64.57 238.9 65.67 230.6L22.41 191.2C15.55 184.9 12.82 175.3 16.06 166.6C20.49 154.7 25.78 143.2 31.84 132.3L36.51 124.2C43.12 113.2 50.52 102.8 58.63 92.95C64.55 85.8 74.3 83.32 83.14 86.14L138.8 103.9C152.2 93.56 167 84.96 182.8 78.43L195.3 21.33C197.3 12.25 204.3 5.04 213.5 3.51C227.3 1.201 241.5 0 256 0C270.5 0 284.7 1.201 298.5 3.51C307.7 5.04 314.7 12.25 316.7 21.33L329.2 78.43C344.1 84.96 359.8 93.56 373.2 103.9L428.9 86.14C437.7 83.32 447.4 85.8 453.4 92.95C461.5 102.8 468.9 113.2 475.5 124.2L480.2 132.3C486.2 143.2 491.5 154.7 495.9 166.6V166.6zM256 336C300.2 336 336 300.2 336 255.1C336 211.8 300.2 175.1 256 175.1C211.8 175.1 176 211.8 176 255.1C176 300.2 211.8 336 256 336z\"><\/path><\/svg><\/div><\/div><div class=\"uagb-ifb-title-wrap\"><h2 class=\"uagb-ifb-title\">Kollektives Arbeitsrecht<\/h2><\/div><div class=\"uagb-ifb-button-wrapper wp-block-button\"><\/div><\/div><\/div>\n\n\n\n<div class=\"wp-block-uagb-info-box uagb-block-cfe9af94 uagb-infobox__content-wrap  uagb-infobox_cta-type-all uagb-infobox-icon-above-title uagb-infobox-image-valign-top has-white-background-color\"><a href=\"\/de\/vorteile\/arbeits-sozial-und-europarechtv\/\" class=\"uagb-infobox-link-wrap uagb-infbox__link-to-all\" target=\"_self\" aria-label=\"Infobox Link\" rel=\"noopener noreferrer\" onclick=\"return true;\"><\/a><div class=\"uagb-ifb-content\"><div class=\"uagb-ifb-icon-wrap\"><div class=\"uagb-iconbox-icon-wrap uagb-infobox-shape-circle\"><svg xmlns=\"https:\/\/www.w3.org\/2000\/svg\" viewbox=\"0 0 640 512\"><path d=\"M554.9 154.5c-17.62-35.25-68.12-35.38-85.87 0c-87 174.3-84.1 165.9-84.1 181.5c0 44.13 57.25 80 128 80s127.1-35.88 127.1-80C639.1 319.9 641.4 327.3 554.9 154.5zM439.1 320l71.96-144l72.17 144H439.1zM256 336c0-16.12 1.375-8.75-85.12-181.5c-17.62-35.25-68.12-35.38-85.87 0c-87 174.3-84.1 165.9-84.1 181.5c0 44.13 57.25 80 127.1 80S256 380.1 256 336zM127.9 176L200.1 320H55.96L127.9 176zM495.1 448h-143.1V153.3C375.5 143 393.1 121.8 398.4 96h113.6c17.67 0 31.1-14.33 31.1-32s-14.33-32-31.1-32h-128.4c-14.62-19.38-37.5-32-63.62-32S270.1 12.62 256.4 32H128C110.3 32 96 46.33 96 64S110.3 96 127.1 96h113.6c5.25 25.75 22.87 47 46.37 57.25V448H144c-26.51 0-48.01 21.49-48.01 48c0 8.836 7.165 16 16 16h416c8.836 0 16-7.164 16-16C544 469.5 522.5 448 495.1 448z\"><\/path><\/svg><\/div><\/div><div class=\"uagb-ifb-title-wrap\"><h2 class=\"uagb-ifb-title\">Arbeits-, Sozial-und Europarecht<\/h2><\/div><div class=\"uagb-ifb-button-wrapper wp-block-button\"><\/div><\/div><\/div>\n\n\n\n<div class=\"wp-block-uagb-info-box uagb-block-9e3f5126 uagb-infobox__content-wrap  uagb-infobox_cta-type-all uagb-infobox-icon-above-title uagb-infobox-image-valign-top has-white-background-color\"><a href=\"\/de\/vorteile\/nachwuchs-fachkraefte-bildungswerk-der-wirtschaft\/\" class=\"uagb-infobox-link-wrap uagb-infbox__link-to-all\" target=\"_self\" aria-label=\"Infobox Link\" rel=\"noopener noreferrer\" onclick=\"return true;\"><\/a><div class=\"uagb-ifb-content\"><div class=\"uagb-ifb-icon-wrap\"><div class=\"uagb-iconbox-icon-wrap uagb-infobox-shape-circle\"><svg xmlns=\"https:\/\/www.w3.org\/2000\/svg\" viewbox=\"0 0 640 512\"><path d=\"M144 48C144 21.49 165.5 0 192 0C218.5 0 240 21.49 240 48C240 74.51 218.5 96 192 96C165.5 96 144 74.51 144 48zM152 512C134.3 512 120 497.7 120 480V256.9L91.43 304.5C82.33 319.6 62.67 324.5 47.52 315.4C32.37 306.3 27.47 286.7 36.58 271.5L94.85 174.6C112.2 145.7 143.4 128 177.1 128H320V48C320 21.49 341.5 .0003 368 .0003H592C618.5 .0003 640 21.49 640 48V272C640 298.5 618.5 320 592 320H368C341.5 320 320 298.5 320 272V224H384V256H576V64H384V128H400C417.7 128 432 142.3 432 160C432 177.7 417.7 192 400 192H264V480C264 497.7 249.7 512 232 512C214.3 512 200 497.7 200 480V352H184V480C184 497.7 169.7 512 152 512L152 512z\"><\/path><\/svg><\/div><\/div><div class=\"uagb-ifb-title-wrap\"><h2 class=\"uagb-ifb-title\">Nachwuchs &amp; Fachkr\u00e4fte | Bildungswerk der Wirtschaft<\/h2><\/div><div class=\"uagb-ifb-button-wrapper wp-block-button\"><\/div><\/div><\/div>\n\n\n\n<div class=\"wp-block-uagb-info-box uagb-block-4b02bb99 uagb-infobox__content-wrap  uagb-infobox_cta-type-all uagb-infobox-icon-above-title uagb-infobox-image-valign-top has-white-background-color\"><a href=\"\/de\/vorteile\/netzwerk\/\" class=\"uagb-infobox-link-wrap uagb-infbox__link-to-all\" target=\"_self\" aria-label=\"Infobox Link\" rel=\"noopener noreferrer\" onclick=\"return true;\"><\/a><div class=\"uagb-ifb-content\"><div class=\"uagb-ifb-icon-wrap\"><div class=\"uagb-iconbox-icon-wrap uagb-infobox-shape-circle\"><svg xmlns=\"https:\/\/www.w3.org\/2000\/svg\" viewbox=\"0 0 512 512\"><path d=\"M352 256C352 278.2 350.8 299.6 348.7 320H163.3C161.2 299.6 159.1 278.2 159.1 256C159.1 233.8 161.2 212.4 163.3 192H348.7C350.8 212.4 352 233.8 352 256zM503.9 192C509.2 212.5 512 233.9 512 256C512 278.1 509.2 299.5 503.9 320H380.8C382.9 299.4 384 277.1 384 256C384 234 382.9 212.6 380.8 192H503.9zM493.4 160H376.7C366.7 96.14 346.9 42.62 321.4 8.442C399.8 29.09 463.4 85.94 493.4 160zM344.3 160H167.7C173.8 123.6 183.2 91.38 194.7 65.35C205.2 41.74 216.9 24.61 228.2 13.81C239.4 3.178 248.7 0 256 0C263.3 0 272.6 3.178 283.8 13.81C295.1 24.61 306.8 41.74 317.3 65.35C328.8 91.38 338.2 123.6 344.3 160H344.3zM18.61 160C48.59 85.94 112.2 29.09 190.6 8.442C165.1 42.62 145.3 96.14 135.3 160H18.61zM131.2 192C129.1 212.6 127.1 234 127.1 256C127.1 277.1 129.1 299.4 131.2 320H8.065C2.8 299.5 0 278.1 0 256C0 233.9 2.8 212.5 8.065 192H131.2zM194.7 446.6C183.2 420.6 173.8 388.4 167.7 352H344.3C338.2 388.4 328.8 420.6 317.3 446.6C306.8 470.3 295.1 487.4 283.8 498.2C272.6 508.8 263.3 512 255.1 512C248.7 512 239.4 508.8 228.2 498.2C216.9 487.4 205.2 470.3 194.7 446.6H194.7zM190.6 503.6C112.2 482.9 48.59 426.1 18.61 352H135.3C145.3 415.9 165.1 469.4 190.6 503.6V503.6zM321.4 503.6C346.9 469.4 366.7 415.9 376.7 352H493.4C463.4 426.1 399.8 482.9 321.4 503.6V503.6z\"><\/path><\/svg><\/div><\/div><div class=\"uagb-ifb-title-wrap\"><h2 class=\"uagb-ifb-title\">Netzwerk<\/h2><\/div><div class=\"uagb-ifb-button-wrapper wp-block-button\"><\/div><\/div><\/div>\n\n\n\n<div class=\"wp-block-uagb-info-box uagb-block-4a1e45dd uagb-infobox__content-wrap  uagb-infobox_cta-type-all uagb-infobox-icon-above-title uagb-infobox-image-valign-top has-white-background-color\"><a href=\"\/de\/vorteile\/arbeitswissenschaft\/\" class=\"uagb-infobox-link-wrap uagb-infbox__link-to-all\" target=\"_self\" aria-label=\"Infobox Link\" rel=\"noopener noreferrer\" onclick=\"return true;\"><\/a><div class=\"uagb-ifb-content\"><div class=\"uagb-ifb-icon-wrap\"><div class=\"uagb-iconbox-icon-wrap uagb-infobox-shape-circle\"><svg xmlns=\"https:\/\/www.w3.org\/2000\/svg\" viewbox=\"0 0 460 512\"><path d=\"M220.6 130.3l-67.2 28.2V43.2L98.7 233.5l54.7-24.2v130.3l67.2-209.3zm-83.2-96.7l-1.3 4.7-15.2 52.9C80.6 106.7 52 145.8 52 191.5c0 52.3 34.3 95.9 83.4 105.5v53.6C57.5 340.1 0 272.4 0 191.6c0-80.5 59.8-147.2 137.4-158zm311.4 447.2c-11.2 11.2-23.1 12.3-28.6 10.5-5.4-1.8-27.1-19.9-60.4-44.4-33.3-24.6-33.6-35.7-43-56.7-9.4-20.9-30.4-42.6-57.5-52.4l-9.7-14.7c-24.7 16.9-53 26.9-81.3 28.7l2.1-6.6 15.9-49.5c46.5-11.9 80.9-54 80.9-104.2 0-54.5-38.4-102.1-96-107.1V32.3C254.4 37.4 320 106.8 320 191.6c0 33.6-11.2 64.7-29 90.4l14.6 9.6c9.8 27.1 31.5 48 52.4 57.4s32.2 9.7 56.8 43c24.6 33.2 42.7 54.9 44.5 60.3s.7 17.3-10.5 28.5zm-9.9-17.9c0-4.4-3.6-8-8-8s-8 3.6-8 8 3.6 8 8 8 8-3.6 8-8z\"><\/path><\/svg><\/div><\/div><div class=\"uagb-ifb-title-wrap\"><h2 class=\"uagb-ifb-title\">Arbeitswissenschaft<\/h2><\/div><div class=\"uagb-ifb-button-wrapper wp-block-button\"><\/div><\/div><\/div>\n\n\n\n<div class=\"wp-block-uagb-info-box uagb-block-3bde1719 uagb-infobox__content-wrap  uagb-infobox_cta-type-all uagb-infobox-icon-above-title uagb-infobox-image-valign-top has-white-background-color\"><a href=\"\/de\/vorteile\/pr-kommunikation\/\" class=\"uagb-infobox-link-wrap uagb-infbox__link-to-all\" target=\"_self\" aria-label=\"Infobox Link\" rel=\"noopener noreferrer\" onclick=\"return true;\"><\/a><div class=\"uagb-ifb-content\"><div class=\"uagb-ifb-icon-wrap\"><div class=\"uagb-iconbox-icon-wrap uagb-infobox-shape-circle\"><svg xmlns=\"https:\/\/www.w3.org\/2000\/svg\" viewbox=\"0 0 512 512\"><path d=\"M480 179.6C498.6 188.4 512 212.1 512 240C512 267.9 498.6 291.6 480 300.4V448C480 460.9 472.2 472.6 460.2 477.6C448.3 482.5 434.5 479.8 425.4 470.6L381.7 426.1C333.7 378.1 268.6 352 200.7 352H192V480C192 497.7 177.7 512 160 512H96C78.33 512 64 497.7 64 480V352C28.65 352 0 323.3 0 288V192C0 156.7 28.65 128 64 128H200.7C268.6 128 333.7 101 381.7 53.02L425.4 9.373C434.5 .2215 448.3-2.516 460.2 2.437C472.2 7.39 480 19.06 480 32V179.6zM200.7 192H192V288H200.7C280.5 288 357.2 317.8 416 371.3V108.7C357.2 162.2 280.5 192 200.7 192V192z\"><\/path><\/svg><\/div><\/div><div class=\"uagb-ifb-title-wrap\"><h2 class=\"uagb-ifb-title\">PR &amp; Kommunikation<\/h2><\/div><div class=\"uagb-ifb-button-wrapper wp-block-button\"><\/div><\/div><\/div>\n\n\n\n<p><\/p>\n<\/div>","protected":false},"excerpt":{"rendered":"","protected":false},"author":1,"featured_media":0,"parent":0,"menu_order":0,"comment_status":"closed","ping_status":"closed","template":"","meta":{"_acf_changed":false,"inline_featured_image":false,"_uag_custom_page_level_css":"","_price":"","_stock":"","_tribe_ticket_header":"","_tribe_default_ticket_provider":"","_tribe_ticket_capacity":"","_ticket_start_date":"","_ticket_end_date":"","_tribe_ticket_show_description":"","_tribe_ticket_show_not_going":false,"_tribe_ticket_use_global_stock":"","_tribe_ticket_global_stock_level":"","_global_stock_mode":"","_global_stock_cap":"","_tribe_rsvp_for_event":"","_tribe_ticket_going_count":"","_tribe_ticket_not_going_count":"","_tribe_tickets_list":"[]","_tribe_ticket_has_attendee_info_fields":false,"footnotes":""},"class_list":["post-11","page","type-page","status-publish","hentry"],"acf":[],"yoast_head":"<!-- This site is optimized with the Yoast SEO plugin v27.3 - https:\/\/yoast.com\/product\/yoast-seo-wordpress\/ -->\n<title>Vorteile f\u00fcr Mitglieder - Arbeitgeber- und Wirtschaftsverb\u00e4nde Sachsen-Anhalt e. V.<\/title>\n<meta name=\"description\" content=\"Profitieren Sie von starken Leistungen: Wir unterst\u00fctzen Mitglieder mit Beratung, Netzwerk, Tarifkompetenz und Interessenvertretung.\" \/>\n<meta name=\"robots\" content=\"index, follow, max-snippet:-1, max-image-preview:large, max-video-preview:-1\" \/>\n<link rel=\"canonical\" href=\"https:\/\/arbeitgeber-lsa.de\/de\/vorteile\/\" \/>\n<meta property=\"og:locale\" content=\"de_DE\" \/>\n<meta property=\"og:type\" content=\"article\" \/>\n<meta property=\"og:title\" content=\"Vorteile f\u00fcr Mitglieder - Arbeitgeber- und Wirtschaftsverb\u00e4nde Sachsen-Anhalt e. V.\" \/>\n<meta property=\"og:description\" content=\"Profitieren Sie von starken Leistungen: Wir unterst\u00fctzen Mitglieder mit Beratung, Netzwerk, Tarifkompetenz und Interessenvertretung.\" \/>\n<meta property=\"og:url\" content=\"https:\/\/arbeitgeber-lsa.de\/de\/vorteile\/\" \/>\n<meta property=\"og:site_name\" content=\"Arbeitgeber- und Wirtschaftsverb\u00e4nde Sachsen-Anhalt e. V.\" \/>\n<meta property=\"article:modified_time\" content=\"2026-04-09T14:31:58+00:00\" \/>\n<meta name=\"twitter:card\" content=\"summary_large_image\" \/>\n<meta name=\"twitter:label1\" content=\"Gesch\u00e4tzte Lesezeit\" \/>\n\t<meta name=\"twitter:data1\" content=\"1\u00a0Minute\" \/>\n<script type=\"application\/ld+json\" class=\"yoast-schema-graph\">{\"@context\":\"https:\\\/\\\/schema.org\",\"@graph\":[{\"@type\":\"WebPage\",\"@id\":\"https:\\\/\\\/arbeitgeber-lsa.de\\\/vorteile\\\/\",\"url\":\"https:\\\/\\\/arbeitgeber-lsa.de\\\/vorteile\\\/\",\"name\":\"Vorteile f\u00fcr Mitglieder - Arbeitgeber- und Wirtschaftsverb\u00e4nde Sachsen-Anhalt e. V.\",\"isPartOf\":{\"@id\":\"https:\\\/\\\/arbeitgeber-lsa.de\\\/#website\"},\"datePublished\":\"2025-07-29T18:04:23+00:00\",\"dateModified\":\"2026-04-09T14:31:58+00:00\",\"description\":\"Profitieren Sie von starken Leistungen: Wir unterst\u00fctzen Mitglieder mit Beratung, Netzwerk, Tarifkompetenz und Interessenvertretung.\",\"breadcrumb\":{\"@id\":\"https:\\\/\\\/arbeitgeber-lsa.de\\\/vorteile\\\/#breadcrumb\"},\"inLanguage\":\"de\",\"potentialAction\":[{\"@type\":\"ReadAction\",\"target\":[\"https:\\\/\\\/arbeitgeber-lsa.de\\\/vorteile\\\/\"]}]},{\"@type\":\"BreadcrumbList\",\"@id\":\"https:\\\/\\\/arbeitgeber-lsa.de\\\/vorteile\\\/#breadcrumb\",\"itemListElement\":[{\"@type\":\"ListItem\",\"position\":1,\"name\":\"Startseite\",\"item\":\"https:\\\/\\\/arbeitgeber-lsa.de\\\/\"},{\"@type\":\"ListItem\",\"position\":2,\"name\":\"Vorteile f\u00fcr Mitglieder\"}]},{\"@type\":\"WebSite\",\"@id\":\"https:\\\/\\\/arbeitgeber-lsa.de\\\/#website\",\"url\":\"https:\\\/\\\/arbeitgeber-lsa.de\\\/\",\"name\":\"Arbeitgeber- und Wirtschaftsverb\u00e4nde Sachsen-Anhalt e. V.\",\"description\":\"\",\"publisher\":{\"@id\":\"https:\\\/\\\/arbeitgeber-lsa.de\\\/#organization\"},\"potentialAction\":[{\"@type\":\"SearchAction\",\"target\":{\"@type\":\"EntryPoint\",\"urlTemplate\":\"https:\\\/\\\/arbeitgeber-lsa.de\\\/?s={search_term_string}\"},\"query-input\":{\"@type\":\"PropertyValueSpecification\",\"valueRequired\":true,\"valueName\":\"search_term_string\"}}],\"inLanguage\":\"de\"},{\"@type\":\"Organization\",\"@id\":\"https:\\\/\\\/arbeitgeber-lsa.de\\\/#organization\",\"name\":\"Arbeitgeber- und Wirtschaftsverb\u00e4nde Sachsen-Anhalt e. V.\",\"url\":\"https:\\\/\\\/arbeitgeber-lsa.de\\\/\",\"logo\":{\"@type\":\"ImageObject\",\"inLanguage\":\"de\",\"@id\":\"https:\\\/\\\/arbeitgeber-lsa.de\\\/#\\\/schema\\\/logo\\\/image\\\/\",\"url\":\"https:\\\/\\\/arbeitgeber-lsa.de\\\/wp-content\\\/uploads\\\/2025\\\/08\\\/avw-logo.svg\",\"contentUrl\":\"https:\\\/\\\/arbeitgeber-lsa.de\\\/wp-content\\\/uploads\\\/2025\\\/08\\\/avw-logo.svg\",\"caption\":\"Arbeitgeber- und Wirtschaftsverb\u00e4nde Sachsen-Anhalt e. V.\"},\"image\":{\"@id\":\"https:\\\/\\\/arbeitgeber-lsa.de\\\/#\\\/schema\\\/logo\\\/image\\\/\"}}]}<\/script>\n<!-- \/ Yoast SEO plugin. -->","yoast_head_json":{"title":"Vorteile f\u00fcr Mitglieder - Arbeitgeber- und Wirtschaftsverb\u00e4nde Sachsen-Anhalt e. V.","description":"Profitieren Sie von starken Leistungen: Wir unterst\u00fctzen Mitglieder mit Beratung, Netzwerk, Tarifkompetenz und Interessenvertretung.","robots":{"index":"index","follow":"follow","max-snippet":"max-snippet:-1","max-image-preview":"max-image-preview:large","max-video-preview":"max-video-preview:-1"},"canonical":"https:\/\/arbeitgeber-lsa.de\/de\/vorteile\/","og_locale":"de_DE","og_type":"article","og_title":"Vorteile f\u00fcr Mitglieder - Arbeitgeber- und Wirtschaftsverb\u00e4nde Sachsen-Anhalt e. V.","og_description":"Profitieren Sie von starken Leistungen: Wir unterst\u00fctzen Mitglieder mit Beratung, Netzwerk, Tarifkompetenz und Interessenvertretung.","og_url":"https:\/\/arbeitgeber-lsa.de\/de\/vorteile\/","og_site_name":"Arbeitgeber- und Wirtschaftsverb\u00e4nde Sachsen-Anhalt e. V.","article_modified_time":"2026-04-09T14:31:58+00:00","twitter_card":"summary_large_image","twitter_misc":{"Gesch\u00e4tzte Lesezeit":"1\u00a0Minute"},"schema":{"@context":"https:\/\/schema.org","@graph":[{"@type":"WebPage","@id":"https:\/\/arbeitgeber-lsa.de\/vorteile\/","url":"https:\/\/arbeitgeber-lsa.de\/vorteile\/","name":"Vorteile f\u00fcr Mitglieder - Arbeitgeber- und Wirtschaftsverb\u00e4nde Sachsen-Anhalt e. V.","isPartOf":{"@id":"https:\/\/arbeitgeber-lsa.de\/#website"},"datePublished":"2025-07-29T18:04:23+00:00","dateModified":"2026-04-09T14:31:58+00:00","description":"Profitieren Sie von starken Leistungen: Wir unterst\u00fctzen Mitglieder mit Beratung, Netzwerk, Tarifkompetenz und Interessenvertretung.","breadcrumb":{"@id":"https:\/\/arbeitgeber-lsa.de\/vorteile\/#breadcrumb"},"inLanguage":"de","potentialAction":[{"@type":"ReadAction","target":["https:\/\/arbeitgeber-lsa.de\/vorteile\/"]}]},{"@type":"BreadcrumbList","@id":"https:\/\/arbeitgeber-lsa.de\/vorteile\/#breadcrumb","itemListElement":[{"@type":"ListItem","position":1,"name":"Startseite","item":"https:\/\/arbeitgeber-lsa.de\/"},{"@type":"ListItem","position":2,"name":"Vorteile f\u00fcr Mitglieder"}]},{"@type":"WebSite","@id":"https:\/\/arbeitgeber-lsa.de\/#website","url":"https:\/\/arbeitgeber-lsa.de\/","name":"Arbeitgeber- und Wirtschaftsverb\u00e4nde Sachsen-Anhalt e. V.","description":"","publisher":{"@id":"https:\/\/arbeitgeber-lsa.de\/#organization"},"potentialAction":[{"@type":"SearchAction","target":{"@type":"EntryPoint","urlTemplate":"https:\/\/arbeitgeber-lsa.de\/?s={search_term_string}"},"query-input":{"@type":"PropertyValueSpecification","valueRequired":true,"valueName":"search_term_string"}}],"inLanguage":"de"},{"@type":"Organization","@id":"https:\/\/arbeitgeber-lsa.de\/#organization","name":"Arbeitgeber- und Wirtschaftsverb\u00e4nde Sachsen-Anhalt e. V.","url":"https:\/\/arbeitgeber-lsa.de\/","logo":{"@type":"ImageObject","inLanguage":"de","@id":"https:\/\/arbeitgeber-lsa.de\/#\/schema\/logo\/image\/","url":"https:\/\/arbeitgeber-lsa.de\/wp-content\/uploads\/2025\/08\/avw-logo.svg","contentUrl":"https:\/\/arbeitgeber-lsa.de\/wp-content\/uploads\/2025\/08\/avw-logo.svg","caption":"Arbeitgeber- und Wirtschaftsverb\u00e4nde Sachsen-Anhalt e. V."},"image":{"@id":"https:\/\/arbeitgeber-lsa.de\/#\/schema\/logo\/image\/"}}]}},"spectra_custom_meta":{"_edit_lock":["1775745119:4"],"_edit_last":["4"],"_yoast_wpseo_content_score":["90"],"_yoast_wpseo_estimated-reading-time-minutes":["1"],"_yoast_wpseo_metadesc":["Profitieren Sie von starken Leistungen: Wir unterst\u00fctzen Mitglieder mit Beratung, Netzwerk, Tarifkompetenz und Interessenvertretung."],"_uag_css_file_name":["uag-css-11.css"],"_uag_js_file_name":["uag-js-11.js"]},"uagb_featured_image_src":{"full":false,"thumbnail":false,"medium":false,"medium_large":false,"large":false,"1536x1536":false,"2048x2048":false,"trp-custom-language-flag":false},"uagb_author_info":{"display_name":"maximilianhuhle","author_link":"https:\/\/arbeitgeber-lsa.de\/de\/author\/maximilianhuhle\/"},"uagb_comment_info":0,"uagb_excerpt":null,"_links":{"self":[{"href":"https:\/\/arbeitgeber-lsa.de\/de\/wp-json\/wp\/v2\/pages\/11","targetHints":{"allow":["GET"]}}],"collection":[{"href":"https:\/\/arbeitgeber-lsa.de\/de\/wp-json\/wp\/v2\/pages"}],"about":[{"href":"https:\/\/arbeitgeber-lsa.de\/de\/wp-json\/wp\/v2\/types\/page"}],"author":[{"embeddable":true,"href":"https:\/\/arbeitgeber-lsa.de\/de\/wp-json\/wp\/v2\/users\/1"}],"replies":[{"embeddable":true,"href":"https:\/\/arbeitgeber-lsa.de\/de\/wp-json\/wp\/v2\/comments?post=11"}],"version-history":[{"count":51,"href":"https:\/\/arbeitgeber-lsa.de\/de\/wp-json\/wp\/v2\/pages\/11\/revisions"}],"predecessor-version":[{"id":1688,"href":"https:\/\/arbeitgeber-lsa.de\/de\/wp-json\/wp\/v2\/pages\/11\/revisions\/1688"}],"wp:attachment":[{"href":"https:\/\/arbeitgeber-lsa.de\/de\/wp-json\/wp\/v2\/media?parent=11"}],"curies":[{"name":"wp","href":"https:\/\/api.w.org\/{rel}","templated":true}]}}