{"id":276,"date":"2025-08-13T16:08:36","date_gmt":"2025-08-13T16:08:36","guid":{"rendered":"https:\/\/arbeitgeber-lsa.de\/?page_id=276"},"modified":"2026-03-02T18:13:14","modified_gmt":"2026-03-02T17:13:14","slug":"ansprechpartner","status":"publish","type":"page","link":"https:\/\/arbeitgeber-lsa.de\/de\/aktuelles\/presse\/ansprechpartner\/","title":{"rendered":"Ansprechpartner"},"content":{"rendered":"<div class=\"wp-block-columns p-4 has-white-background-color has-background is-layout-flex wp-container-core-columns-is-layout-9d6595d7 wp-block-columns-is-layout-flex\">\n<div class=\"wp-block-column is-layout-flow wp-block-column-is-layout-flow\" style=\"flex-basis:75%\">\n<h2 class=\"wp-block-heading\"><strong>Ihr Ansprechpartner<\/strong><\/h2>\n\n\n\n<p>F\u00fcr Medienanfragen, Intervieww\u00fcnsche und Hintergrundinformationen steht Ihnen unser Pressesprecher gern zur Verf\u00fcgung. Wir unterst\u00fctzen Journalistinnen und Journalisten bei der Recherche, vermitteln Ansprechpartner aus dem Verband und stellen aktuelles Pressematerial zur Verf\u00fcgung.<\/p>\n<\/div>\n\n\n\n<div class=\"wp-block-column is-layout-flow wp-block-column-is-layout-flow\" style=\"flex-basis:45%\"><div class=\"wp-block-uagb-loop-builder uagb-block-7b507fb9      alignwide\" data-block_id=\"7b507fb9\"  style=\"\"><div id=\"uagb-block-queryid-3\" data-query-id=\"3\" class=\"uagb-loop-container uagb-block-0c2a9a31\" style=\"\"><div class=\"uagb-loop-post\"><div class=\"uagb-loop-post-inner\">\n\n<div class=\"wp-block-uagb-container ansprechpartner-item after-primary uagb-block-d84215ff default uagb-is-root-container\">\n<div class=\"wp-block-uagb-image uagb-block-dab61adc wp-block-uagb-image--layout-default wp-block-uagb-image--effect-static wp-block-uagb-image--align-none\"><figure class=\"wp-block-uagb-image__figure\"><img decoding=\"async\"  sizes=\"auto, (max-width: 480px) 150px\" src=\"https:\/\/arbeitgeber-lsa.de\/wp-content\/plugins\/spectra-pro\/assets\/images\/placeholder.png\" alt=\"\" width=\"400\" height=\"500\" title=\"\" loading=\"lazy\" role=\"img\"\/><\/figure><\/div>\n\n\n\n<div class=\"wp-block-uagb-container uagb-layout-flex uagb-block-5b980285\">\n<div class=\"wp-block-uagb-advanced-heading uagb-block-368adfb1\"><h3 class=\"uagb-heading-text\"><span data-spectra-dc-field=\"current_post|post_title\" class=\"uag-pro-dynamic-content\" data-rich-text-format-boundary=\"true\">Loading\u2026<\/span><\/h3><\/div>\n\n\n\n<div class=\"wp-block-uagb-advanced-heading uagb-block-546704af\"><p class=\"uagb-heading-text\"><span data-spectra-dc-field=\"current_post|custom_field|custom_key|position\" class=\"uag-pro-dynamic-content\">No Content<\/span><\/p><\/div>\n\n\n\n<div class=\"wp-block-uagb-advanced-heading uagb-block-31533ca5\"><p class=\"uagb-heading-text\"><span data-spectra-dc-field=\"current_post|custom_field|custom_key|e-mail\" data-spectra-dc-advanced=\"E: |||\" data-spectra-dc-link=\"custom_field|custom_field|custom_key|e-mail\" class=\"uag-pro-dynamic-content\">E:<\/span><\/p><\/div>\n\n\n\n<div class=\"wp-block-uagb-advanced-heading uagb-block-9db982d6\"><p class=\"uagb-heading-text\"><span data-spectra-dc-field=\"current_post|custom_field|custom_key|telefon\" data-spectra-dc-advanced=\"T: |||\" data-spectra-dc-link=\"custom_field|custom_field|custom_key|telefon_link\" class=\"uag-pro-dynamic-content\">T:<\/span><\/p><\/div>\n\n\n\n<div class=\"wp-block-uagb-advanced-heading uagb-block-7b88e2c0\"><p class=\"uagb-heading-text\"><span data-spectra-dc-field=\"current_post|custom_field|custom_key|mobil\" data-spectra-dc-advanced=\"M: |||\" data-spectra-dc-link=\"custom_field|custom_field|custom_key|mobil_link\" class=\"uag-pro-dynamic-content\">M:<\/span><\/p><\/div>\n\n\n\n<div class=\"wp-block-uagb-info-box uagb-block-d91c61fd uagb-infobox__content-wrap  uagb-infobox-icon-left-title uagb-infobox-left uagb-infobox-image-valign-top wp-block-uagb-info-box--has-margin\"><div class=\"uagb-infobox-margin-wrapper\"><div class=\"uagb-ifb-content\"><div class=\"uagb-ifb-left-title-image\"><div class=\"uagb-ifb-icon-wrap\"><svg xmlns=\"https:\/\/www.w3.org\/2000\/svg\" viewbox=\"0 0 576 512\"><path d=\"M528 32h-480C21.49 32 0 53.49 0 80V96h576V80C576 53.49 554.5 32 528 32zM0 432C0 458.5 21.49 480 48 480h480c26.51 0 48-21.49 48-48V128H0V432zM368 192h128C504.8 192 512 199.2 512 208S504.8 224 496 224h-128C359.2 224 352 216.8 352 208S359.2 192 368 192zM368 256h128C504.8 256 512 263.2 512 272S504.8 288 496 288h-128C359.2 288 352 280.8 352 272S359.2 256 368 256zM368 320h128c8.836 0 16 7.164 16 16S504.8 352 496 352h-128c-8.836 0-16-7.164-16-16S359.2 320 368 320zM176 192c35.35 0 64 28.66 64 64s-28.65 64-64 64s-64-28.66-64-64S140.7 192 176 192zM112 352h128c26.51 0 48 21.49 48 48c0 8.836-7.164 16-16 16h-192C71.16 416 64 408.8 64 400C64 373.5 85.49 352 112 352z\"><\/path><\/svg><\/div><div class=\"uagb-ifb-title-wrap\"><p class=\"uagb-ifb-title\"><span data-spectra-dc-field=\"current_post|custom_field|custom_key|vcf-label\" data-spectra-dc-link=\"custom_field|custom_field|custom_key|v-card\" class=\"uag-pro-dynamic-content\">No Content<\/span><\/p><\/div><\/div><\/div><\/div><\/div>\n<\/div>\n<\/div>\n\n<\/div><\/div><\/div><\/div><\/div>\n<\/div>","protected":false},"excerpt":{"rendered":"<p>Ihr Ansprechpartner F\u00fcr Medienanfragen, Intervieww\u00fcnsche und Hintergrundinformationen steht Ihnen unser Pressesprecher gern zur Verf\u00fcgung. Wir unterst\u00fctzen Journalistinnen und Journalisten bei der Recherche, vermitteln Ansprechpartner aus dem Verband und stellen aktuelles [&hellip;]<\/p>\n","protected":false},"author":1,"featured_media":0,"parent":272,"menu_order":0,"comment_status":"closed","ping_status":"closed","template":"","meta":{"_acf_changed":false,"inline_featured_image":false,"_uag_custom_page_level_css":"","_price":"","_stock":"","_tribe_ticket_header":"","_tribe_default_ticket_provider":"","_tribe_ticket_capacity":"","_ticket_start_date":"","_ticket_end_date":"","_tribe_ticket_show_description":"","_tribe_ticket_show_not_going":false,"_tribe_ticket_use_global_stock":"","_tribe_ticket_global_stock_level":"","_global_stock_mode":"","_global_stock_cap":"","_tribe_rsvp_for_event":"","_tribe_ticket_going_count":"","_tribe_ticket_not_going_count":"","_tribe_tickets_list":"[]","_tribe_ticket_has_attendee_info_fields":false,"footnotes":""},"class_list":["post-276","page","type-page","status-publish","hentry"],"acf":[],"yoast_head":"<!-- This site is optimized with the Yoast SEO plugin v27.3 - https:\/\/yoast.com\/product\/yoast-seo-wordpress\/ -->\n<title>Ansprechpartner - Arbeitgeber- und Wirtschaftsverb\u00e4nde Sachsen-Anhalt e. V.<\/title>\n<meta name=\"description\" content=\"Finden Sie schnell den passenden Ansprechpartner f\u00fcr Presse, Mitgliedsunternehmen und \u00f6ffentliche Anfragen.\" \/>\n<meta name=\"robots\" content=\"index, follow, max-snippet:-1, max-image-preview:large, max-video-preview:-1\" \/>\n<link rel=\"canonical\" href=\"https:\/\/arbeitgeber-lsa.de\/de\/aktuelles\/presse\/ansprechpartner\/\" \/>\n<meta property=\"og:locale\" content=\"de_DE\" \/>\n<meta property=\"og:type\" content=\"article\" \/>\n<meta property=\"og:title\" content=\"Ansprechpartner - Arbeitgeber- und Wirtschaftsverb\u00e4nde Sachsen-Anhalt e. V.\" \/>\n<meta property=\"og:description\" content=\"Finden Sie schnell den passenden Ansprechpartner f\u00fcr Presse, Mitgliedsunternehmen und \u00f6ffentliche Anfragen.\" \/>\n<meta property=\"og:url\" content=\"https:\/\/arbeitgeber-lsa.de\/de\/aktuelles\/presse\/ansprechpartner\/\" \/>\n<meta property=\"og:site_name\" content=\"Arbeitgeber- und Wirtschaftsverb\u00e4nde Sachsen-Anhalt e. V.\" \/>\n<meta property=\"article:modified_time\" content=\"2026-03-02T17:13:14+00:00\" \/>\n<meta property=\"og:image\" content=\"https:\/\/arbeitgeber-lsa.de\/wp-content\/plugins\/spectra-pro\/assets\/images\/placeholder.png\" \/>\n<meta name=\"twitter:card\" content=\"summary_large_image\" \/>\n<meta name=\"twitter:label1\" content=\"Gesch\u00e4tzte Lesezeit\" \/>\n\t<meta name=\"twitter:data1\" content=\"1\u00a0Minute\" \/>\n<script type=\"application\/ld+json\" class=\"yoast-schema-graph\">{\"@context\":\"https:\\\/\\\/schema.org\",\"@graph\":[{\"@type\":\"WebPage\",\"@id\":\"https:\\\/\\\/arbeitgeber-lsa.de\\\/aktuelles\\\/presse\\\/ansprechpartner\\\/\",\"url\":\"https:\\\/\\\/arbeitgeber-lsa.de\\\/aktuelles\\\/presse\\\/ansprechpartner\\\/\",\"name\":\"Ansprechpartner - Arbeitgeber- und Wirtschaftsverb\u00e4nde Sachsen-Anhalt e. V.\",\"isPartOf\":{\"@id\":\"https:\\\/\\\/arbeitgeber-lsa.de\\\/#website\"},\"primaryImageOfPage\":{\"@id\":\"https:\\\/\\\/arbeitgeber-lsa.de\\\/aktuelles\\\/presse\\\/ansprechpartner\\\/#primaryimage\"},\"image\":{\"@id\":\"https:\\\/\\\/arbeitgeber-lsa.de\\\/aktuelles\\\/presse\\\/ansprechpartner\\\/#primaryimage\"},\"thumbnailUrl\":\"https:\\\/\\\/arbeitgeber-lsa.de\\\/wp-content\\\/plugins\\\/spectra-pro\\\/assets\\\/images\\\/placeholder.png\",\"datePublished\":\"2025-08-13T16:08:36+00:00\",\"dateModified\":\"2026-03-02T17:13:14+00:00\",\"description\":\"Finden Sie schnell den passenden Ansprechpartner f\u00fcr Presse, Mitgliedsunternehmen und \u00f6ffentliche Anfragen.\",\"breadcrumb\":{\"@id\":\"https:\\\/\\\/arbeitgeber-lsa.de\\\/aktuelles\\\/presse\\\/ansprechpartner\\\/#breadcrumb\"},\"inLanguage\":\"de\",\"potentialAction\":[{\"@type\":\"ReadAction\",\"target\":[\"https:\\\/\\\/arbeitgeber-lsa.de\\\/aktuelles\\\/presse\\\/ansprechpartner\\\/\"]}]},{\"@type\":\"ImageObject\",\"inLanguage\":\"de\",\"@id\":\"https:\\\/\\\/arbeitgeber-lsa.de\\\/aktuelles\\\/presse\\\/ansprechpartner\\\/#primaryimage\",\"url\":\"https:\\\/\\\/arbeitgeber-lsa.de\\\/wp-content\\\/plugins\\\/spectra-pro\\\/assets\\\/images\\\/placeholder.png\",\"contentUrl\":\"https:\\\/\\\/arbeitgeber-lsa.de\\\/wp-content\\\/plugins\\\/spectra-pro\\\/assets\\\/images\\\/placeholder.png\"},{\"@type\":\"BreadcrumbList\",\"@id\":\"https:\\\/\\\/arbeitgeber-lsa.de\\\/aktuelles\\\/presse\\\/ansprechpartner\\\/#breadcrumb\",\"itemListElement\":[{\"@type\":\"ListItem\",\"position\":1,\"name\":\"Startseite\",\"item\":\"https:\\\/\\\/arbeitgeber-lsa.de\\\/\"},{\"@type\":\"ListItem\",\"position\":2,\"name\":\"Aktuelles\",\"item\":\"https:\\\/\\\/arbeitgeber-lsa.de\\\/aktuelles\\\/\"},{\"@type\":\"ListItem\",\"position\":3,\"name\":\"Presse\",\"item\":\"https:\\\/\\\/arbeitgeber-lsa.de\\\/aktuelles\\\/presse\\\/\"},{\"@type\":\"ListItem\",\"position\":4,\"name\":\"Ansprechpartner\"}]},{\"@type\":\"WebSite\",\"@id\":\"https:\\\/\\\/arbeitgeber-lsa.de\\\/#website\",\"url\":\"https:\\\/\\\/arbeitgeber-lsa.de\\\/\",\"name\":\"Arbeitgeber- und Wirtschaftsverb\u00e4nde Sachsen-Anhalt e. V.\",\"description\":\"\",\"publisher\":{\"@id\":\"https:\\\/\\\/arbeitgeber-lsa.de\\\/#organization\"},\"potentialAction\":[{\"@type\":\"SearchAction\",\"target\":{\"@type\":\"EntryPoint\",\"urlTemplate\":\"https:\\\/\\\/arbeitgeber-lsa.de\\\/?s={search_term_string}\"},\"query-input\":{\"@type\":\"PropertyValueSpecification\",\"valueRequired\":true,\"valueName\":\"search_term_string\"}}],\"inLanguage\":\"de\"},{\"@type\":\"Organization\",\"@id\":\"https:\\\/\\\/arbeitgeber-lsa.de\\\/#organization\",\"name\":\"Arbeitgeber- und Wirtschaftsverb\u00e4nde Sachsen-Anhalt e. V.\",\"url\":\"https:\\\/\\\/arbeitgeber-lsa.de\\\/\",\"logo\":{\"@type\":\"ImageObject\",\"inLanguage\":\"de\",\"@id\":\"https:\\\/\\\/arbeitgeber-lsa.de\\\/#\\\/schema\\\/logo\\\/image\\\/\",\"url\":\"https:\\\/\\\/arbeitgeber-lsa.de\\\/wp-content\\\/uploads\\\/2025\\\/08\\\/avw-logo.svg\",\"contentUrl\":\"https:\\\/\\\/arbeitgeber-lsa.de\\\/wp-content\\\/uploads\\\/2025\\\/08\\\/avw-logo.svg\",\"caption\":\"Arbeitgeber- und Wirtschaftsverb\u00e4nde Sachsen-Anhalt e. V.\"},\"image\":{\"@id\":\"https:\\\/\\\/arbeitgeber-lsa.de\\\/#\\\/schema\\\/logo\\\/image\\\/\"}}]}<\/script>\n<!-- \/ Yoast SEO plugin. -->","yoast_head_json":{"title":"Ansprechpartner - Arbeitgeber- und Wirtschaftsverb\u00e4nde Sachsen-Anhalt e. V.","description":"Finden Sie schnell den passenden Ansprechpartner f\u00fcr Presse, Mitgliedsunternehmen und \u00f6ffentliche Anfragen.","robots":{"index":"index","follow":"follow","max-snippet":"max-snippet:-1","max-image-preview":"max-image-preview:large","max-video-preview":"max-video-preview:-1"},"canonical":"https:\/\/arbeitgeber-lsa.de\/de\/aktuelles\/presse\/ansprechpartner\/","og_locale":"de_DE","og_type":"article","og_title":"Ansprechpartner - Arbeitgeber- und Wirtschaftsverb\u00e4nde Sachsen-Anhalt e. V.","og_description":"Finden Sie schnell den passenden Ansprechpartner f\u00fcr Presse, Mitgliedsunternehmen und \u00f6ffentliche Anfragen.","og_url":"https:\/\/arbeitgeber-lsa.de\/de\/aktuelles\/presse\/ansprechpartner\/","og_site_name":"Arbeitgeber- und Wirtschaftsverb\u00e4nde Sachsen-Anhalt e. V.","article_modified_time":"2026-03-02T17:13:14+00:00","og_image":[{"url":"https:\/\/arbeitgeber-lsa.de\/wp-content\/plugins\/spectra-pro\/assets\/images\/placeholder.png","type":"","width":"","height":""}],"twitter_card":"summary_large_image","twitter_misc":{"Gesch\u00e4tzte Lesezeit":"1\u00a0Minute"},"schema":{"@context":"https:\/\/schema.org","@graph":[{"@type":"WebPage","@id":"https:\/\/arbeitgeber-lsa.de\/aktuelles\/presse\/ansprechpartner\/","url":"https:\/\/arbeitgeber-lsa.de\/aktuelles\/presse\/ansprechpartner\/","name":"Ansprechpartner - Arbeitgeber- und Wirtschaftsverb\u00e4nde Sachsen-Anhalt e. V.","isPartOf":{"@id":"https:\/\/arbeitgeber-lsa.de\/#website"},"primaryImageOfPage":{"@id":"https:\/\/arbeitgeber-lsa.de\/aktuelles\/presse\/ansprechpartner\/#primaryimage"},"image":{"@id":"https:\/\/arbeitgeber-lsa.de\/aktuelles\/presse\/ansprechpartner\/#primaryimage"},"thumbnailUrl":"https:\/\/arbeitgeber-lsa.de\/wp-content\/plugins\/spectra-pro\/assets\/images\/placeholder.png","datePublished":"2025-08-13T16:08:36+00:00","dateModified":"2026-03-02T17:13:14+00:00","description":"Finden Sie schnell den passenden Ansprechpartner f\u00fcr Presse, Mitgliedsunternehmen und \u00f6ffentliche Anfragen.","breadcrumb":{"@id":"https:\/\/arbeitgeber-lsa.de\/aktuelles\/presse\/ansprechpartner\/#breadcrumb"},"inLanguage":"de","potentialAction":[{"@type":"ReadAction","target":["https:\/\/arbeitgeber-lsa.de\/aktuelles\/presse\/ansprechpartner\/"]}]},{"@type":"ImageObject","inLanguage":"de","@id":"https:\/\/arbeitgeber-lsa.de\/aktuelles\/presse\/ansprechpartner\/#primaryimage","url":"https:\/\/arbeitgeber-lsa.de\/wp-content\/plugins\/spectra-pro\/assets\/images\/placeholder.png","contentUrl":"https:\/\/arbeitgeber-lsa.de\/wp-content\/plugins\/spectra-pro\/assets\/images\/placeholder.png"},{"@type":"BreadcrumbList","@id":"https:\/\/arbeitgeber-lsa.de\/aktuelles\/presse\/ansprechpartner\/#breadcrumb","itemListElement":[{"@type":"ListItem","position":1,"name":"Startseite","item":"https:\/\/arbeitgeber-lsa.de\/"},{"@type":"ListItem","position":2,"name":"Aktuelles","item":"https:\/\/arbeitgeber-lsa.de\/aktuelles\/"},{"@type":"ListItem","position":3,"name":"Presse","item":"https:\/\/arbeitgeber-lsa.de\/aktuelles\/presse\/"},{"@type":"ListItem","position":4,"name":"Ansprechpartner"}]},{"@type":"WebSite","@id":"https:\/\/arbeitgeber-lsa.de\/#website","url":"https:\/\/arbeitgeber-lsa.de\/","name":"Arbeitgeber- und Wirtschaftsverb\u00e4nde Sachsen-Anhalt e. V.","description":"","publisher":{"@id":"https:\/\/arbeitgeber-lsa.de\/#organization"},"potentialAction":[{"@type":"SearchAction","target":{"@type":"EntryPoint","urlTemplate":"https:\/\/arbeitgeber-lsa.de\/?s={search_term_string}"},"query-input":{"@type":"PropertyValueSpecification","valueRequired":true,"valueName":"search_term_string"}}],"inLanguage":"de"},{"@type":"Organization","@id":"https:\/\/arbeitgeber-lsa.de\/#organization","name":"Arbeitgeber- und Wirtschaftsverb\u00e4nde Sachsen-Anhalt e. V.","url":"https:\/\/arbeitgeber-lsa.de\/","logo":{"@type":"ImageObject","inLanguage":"de","@id":"https:\/\/arbeitgeber-lsa.de\/#\/schema\/logo\/image\/","url":"https:\/\/arbeitgeber-lsa.de\/wp-content\/uploads\/2025\/08\/avw-logo.svg","contentUrl":"https:\/\/arbeitgeber-lsa.de\/wp-content\/uploads\/2025\/08\/avw-logo.svg","caption":"Arbeitgeber- und Wirtschaftsverb\u00e4nde Sachsen-Anhalt e. V."},"image":{"@id":"https:\/\/arbeitgeber-lsa.de\/#\/schema\/logo\/image\/"}}]}},"spectra_custom_meta":{"_edit_lock":["1772471602:1"],"_edit_last":["1"],"_yoast_wpseo_content_score":["90"],"_yoast_wpseo_estimated-reading-time-minutes":["1"],"_yoast_wpseo_metadesc":["Finden Sie schnell den passenden Ansprechpartner f\u00fcr Presse, Mitgliedsunternehmen und \u00f6ffentliche Anfragen."],"_uag_css_file_name":["uag-css-276.css"],"_uag_js_file_name":["uag-js-276.js"]},"uagb_featured_image_src":{"full":false,"thumbnail":false,"medium":false,"medium_large":false,"large":false,"1536x1536":false,"2048x2048":false,"trp-custom-language-flag":false},"uagb_author_info":{"display_name":"maximilianhuhle","author_link":"https:\/\/arbeitgeber-lsa.de\/de\/author\/maximilianhuhle\/"},"uagb_comment_info":0,"uagb_excerpt":"Ihr Ansprechpartner F\u00fcr Medienanfragen, Intervieww\u00fcnsche und Hintergrundinformationen steht Ihnen unser Pressesprecher gern zur Verf\u00fcgung. Wir unterst\u00fctzen Journalistinnen und Journalisten bei der Recherche, vermitteln Ansprechpartner aus dem Verband und stellen aktuelles [&hellip;]","_links":{"self":[{"href":"https:\/\/arbeitgeber-lsa.de\/de\/wp-json\/wp\/v2\/pages\/276","targetHints":{"allow":["GET"]}}],"collection":[{"href":"https:\/\/arbeitgeber-lsa.de\/de\/wp-json\/wp\/v2\/pages"}],"about":[{"href":"https:\/\/arbeitgeber-lsa.de\/de\/wp-json\/wp\/v2\/types\/page"}],"author":[{"embeddable":true,"href":"https:\/\/arbeitgeber-lsa.de\/de\/wp-json\/wp\/v2\/users\/1"}],"replies":[{"embeddable":true,"href":"https:\/\/arbeitgeber-lsa.de\/de\/wp-json\/wp\/v2\/comments?post=276"}],"version-history":[{"count":7,"href":"https:\/\/arbeitgeber-lsa.de\/de\/wp-json\/wp\/v2\/pages\/276\/revisions"}],"predecessor-version":[{"id":1501,"href":"https:\/\/arbeitgeber-lsa.de\/de\/wp-json\/wp\/v2\/pages\/276\/revisions\/1501"}],"up":[{"embeddable":true,"href":"https:\/\/arbeitgeber-lsa.de\/de\/wp-json\/wp\/v2\/pages\/272"}],"wp:attachment":[{"href":"https:\/\/arbeitgeber-lsa.de\/de\/wp-json\/wp\/v2\/media?parent=276"}],"curies":[{"name":"wp","href":"https:\/\/api.w.org\/{rel}","templated":true}]}}