{"id":287,"date":"2025-09-29T08:01:26","date_gmt":"2025-09-29T08:01:26","guid":{"rendered":"https:\/\/arbeitgeber-lsa.de\/?page_id=287"},"modified":"2026-03-02T18:33:54","modified_gmt":"2026-03-02T17:33:54","slug":"netzwerk","status":"publish","type":"page","link":"https:\/\/arbeitgeber-lsa.de\/de\/vorteile\/netzwerk\/","title":{"rendered":"Netzwerk"},"content":{"rendered":"<div class=\"wp-block-columns p-4 has-white-background-color has-background is-layout-flex wp-container-core-columns-is-layout-9d6595d7 wp-block-columns-is-layout-flex\">\n<div class=\"wp-block-column is-layout-flow wp-block-column-is-layout-flow\" style=\"flex-basis:75%\">\n<p>VME, LVME und VITM sind das Forum von Unternehmern f\u00fcr Unternehmer. Wir bieten hervorragende M\u00f6glichkeiten zum Austausch mit Kollegen aus der Branche. Fachspezifische Arbeitskreise und Veranstaltungen garantieren einen regelm\u00e4\u00dfigen und gewinnbringenden Dialog.<\/p>\n\n\n\n<h2 class=\"wp-block-heading\"><strong>Unser Unternehmernetzwerk:<\/strong><\/h2>\n\n\n\n<div class=\"wp-block-uagb-icon-list uagb-block-7a411e43\"><div class=\"uagb-icon-list__wrap\">\n<div class=\"wp-block-uagb-icon-list-child uagb-block-0de4803b\"><span class=\"uagb-icon-list__source-wrap\"><svg xmlns=\"https:\/\/www.w3.org\/2000\/svg\" viewbox=\"0 0 448 512\"><path d=\"M438.6 105.4C451.1 117.9 451.1 138.1 438.6 150.6L182.6 406.6C170.1 419.1 149.9 419.1 137.4 406.6L9.372 278.6C-3.124 266.1-3.124 245.9 9.372 233.4C21.87 220.9 42.13 220.9 54.63 233.4L159.1 338.7L393.4 105.4C405.9 92.88 426.1 92.88 438.6 105.4H438.6z\"><\/path><\/svg><\/span><span class=\"uagb-icon-list__label\">ist die Plattform f\u00fcr Fach- und F\u00fchrungskr\u00e4fte zum intensiven Austausch in ausgew\u00e4hlten Veranstaltungsformaten.<\/span><\/div>\n\n\n\n<div class=\"wp-block-uagb-icon-list-child uagb-block-783e791a\"><span class=\"uagb-icon-list__source-wrap\"><svg xmlns=\"https:\/\/www.w3.org\/2000\/svg\" viewbox=\"0 0 448 512\"><path d=\"M438.6 105.4C451.1 117.9 451.1 138.1 438.6 150.6L182.6 406.6C170.1 419.1 149.9 419.1 137.4 406.6L9.372 278.6C-3.124 266.1-3.124 245.9 9.372 233.4C21.87 220.9 42.13 220.9 54.63 233.4L159.1 338.7L393.4 105.4C405.9 92.88 426.1 92.88 438.6 105.4H438.6z\"><\/path><\/svg><\/span><span class=\"uagb-icon-list__label\">profiliert Ihr Unternehmen in Wirtschaftsgespr\u00e4chen mit Politik, Medien und Wissenschaft.<\/span><\/div>\n\n\n\n<div class=\"wp-block-uagb-icon-list-child uagb-block-32ce3f6a\"><span class=\"uagb-icon-list__source-wrap\"><svg xmlns=\"https:\/\/www.w3.org\/2000\/svg\" viewbox=\"0 0 448 512\"><path d=\"M438.6 105.4C451.1 117.9 451.1 138.1 438.6 150.6L182.6 406.6C170.1 419.1 149.9 419.1 137.4 406.6L9.372 278.6C-3.124 266.1-3.124 245.9 9.372 233.4C21.87 220.9 42.13 220.9 54.63 233.4L159.1 338.7L393.4 105.4C405.9 92.88 426.1 92.88 438.6 105.4H438.6z\"><\/path><\/svg><\/span><span class=\"uagb-icon-list__label\">bietet den verl\u00e4sslichen und vertrauensvollen Rahmen f\u00fcr den Austausch von Fachleuten.<\/span><\/div>\n<\/div><\/div>\n<\/div>\n\n\n\n<div class=\"wp-block-column is-layout-flow wp-block-column-is-layout-flow\" style=\"flex-basis:45%\"><div class=\"wp-block-uagb-loop-builder uagb-block-7b507fb9      alignwide\" data-block_id=\"7b507fb9\"  style=\"\"><div id=\"uagb-block-queryid-3\" data-query-id=\"3\" class=\"uagb-loop-container uagb-block-0c2a9a31\" style=\"\"><div class=\"uagb-loop-post\"><div class=\"uagb-loop-post-inner\">\n\n<div class=\"wp-block-uagb-container ansprechpartner-item after-primary uagb-block-d84215ff default uagb-is-root-container\">\n<div class=\"wp-block-uagb-image uagb-block-dab61adc wp-block-uagb-image--layout-default wp-block-uagb-image--effect-static wp-block-uagb-image--align-none\"><figure class=\"wp-block-uagb-image__figure\"><img decoding=\"async\"  sizes=\"auto, (max-width: 480px) 150px\" src=\"https:\/\/arbeitgeber-lsa.de\/wp-content\/plugins\/spectra-pro\/assets\/images\/placeholder.png\" alt=\"\" width=\"400\" height=\"500\" title=\"\" loading=\"lazy\" role=\"img\"\/><\/figure><\/div>\n\n\n\n<div class=\"wp-block-uagb-container uagb-layout-flex uagb-block-5b980285\">\n<div class=\"wp-block-uagb-advanced-heading uagb-block-368adfb1\"><h3 class=\"uagb-heading-text\"><span data-spectra-dc-field=\"current_post|post_title\" class=\"uag-pro-dynamic-content\" data-rich-text-format-boundary=\"true\">Loading\u2026<\/span><\/h3><\/div>\n\n\n\n<div class=\"wp-block-uagb-advanced-heading uagb-block-546704af\"><p class=\"uagb-heading-text\"><span data-spectra-dc-field=\"current_post|custom_field|custom_key|position\" class=\"uag-pro-dynamic-content\">No Content<\/span><\/p><\/div>\n\n\n\n<div class=\"wp-block-uagb-advanced-heading uagb-block-31533ca5\"><p class=\"uagb-heading-text\"><span data-spectra-dc-field=\"current_post|custom_field|custom_key|e-mail\" data-spectra-dc-advanced=\"E: |||\" data-spectra-dc-link=\"custom_field|custom_field|custom_key|e-mail\" class=\"uag-pro-dynamic-content\">E:<\/span><\/p><\/div>\n\n\n\n<div class=\"wp-block-uagb-advanced-heading uagb-block-9db982d6\"><p class=\"uagb-heading-text\"><span data-spectra-dc-field=\"current_post|custom_field|custom_key|telefon\" data-spectra-dc-advanced=\"T: |||\" data-spectra-dc-link=\"custom_field|custom_field|custom_key|telefon_link\" class=\"uag-pro-dynamic-content\">T:<\/span><\/p><\/div>\n\n\n\n<div class=\"wp-block-uagb-info-box uagb-block-d91c61fd uagb-infobox__content-wrap  uagb-infobox-icon-left-title uagb-infobox-left uagb-infobox-image-valign-top wp-block-uagb-info-box--has-margin\"><div class=\"uagb-infobox-margin-wrapper\"><div class=\"uagb-ifb-content\"><div class=\"uagb-ifb-left-title-image\"><div class=\"uagb-ifb-icon-wrap\"><svg xmlns=\"https:\/\/www.w3.org\/2000\/svg\" viewbox=\"0 0 576 512\"><path d=\"M528 32h-480C21.49 32 0 53.49 0 80V96h576V80C576 53.49 554.5 32 528 32zM0 432C0 458.5 21.49 480 48 480h480c26.51 0 48-21.49 48-48V128H0V432zM368 192h128C504.8 192 512 199.2 512 208S504.8 224 496 224h-128C359.2 224 352 216.8 352 208S359.2 192 368 192zM368 256h128C504.8 256 512 263.2 512 272S504.8 288 496 288h-128C359.2 288 352 280.8 352 272S359.2 256 368 256zM368 320h128c8.836 0 16 7.164 16 16S504.8 352 496 352h-128c-8.836 0-16-7.164-16-16S359.2 320 368 320zM176 192c35.35 0 64 28.66 64 64s-28.65 64-64 64s-64-28.66-64-64S140.7 192 176 192zM112 352h128c26.51 0 48 21.49 48 48c0 8.836-7.164 16-16 16h-192C71.16 416 64 408.8 64 400C64 373.5 85.49 352 112 352z\"><\/path><\/svg><\/div><div class=\"uagb-ifb-title-wrap\"><p class=\"uagb-ifb-title\"><span data-spectra-dc-field=\"current_post|custom_field|custom_key|vcf-label\" data-spectra-dc-link=\"custom_field|custom_field|custom_key|v-card\" class=\"uag-pro-dynamic-content\">No Content<\/span><\/p><\/div><\/div><\/div><\/div><\/div>\n<\/div>\n<\/div>\n\n<\/div><\/div><\/div><\/div><\/div>\n<\/div>","protected":false},"excerpt":{"rendered":"<p>VME, LVME und VITM sind das Forum von Unternehmern f\u00fcr Unternehmer. Wir bieten hervorragende M\u00f6glichkeiten zum Austausch mit Kollegen aus der Branche. Fachspezifische Arbeitskreise und Veranstaltungen garantieren einen regelm\u00e4\u00dfigen und [&hellip;]<\/p>\n","protected":false},"author":1,"featured_media":0,"parent":11,"menu_order":0,"comment_status":"closed","ping_status":"closed","template":"","meta":{"_acf_changed":false,"inline_featured_image":false,"_uag_custom_page_level_css":"","_price":"","_stock":"","_tribe_ticket_header":"","_tribe_default_ticket_provider":"","_tribe_ticket_capacity":"","_ticket_start_date":"","_ticket_end_date":"","_tribe_ticket_show_description":"","_tribe_ticket_show_not_going":false,"_tribe_ticket_use_global_stock":"","_tribe_ticket_global_stock_level":"","_global_stock_mode":"","_global_stock_cap":"","_tribe_rsvp_for_event":"","_tribe_ticket_going_count":"","_tribe_ticket_not_going_count":"","_tribe_tickets_list":"[]","_tribe_ticket_has_attendee_info_fields":false,"footnotes":""},"class_list":["post-287","page","type-page","status-publish","hentry"],"acf":[],"yoast_head":"<!-- This site is optimized with the Yoast SEO plugin v27.3 - https:\/\/yoast.com\/product\/yoast-seo-wordpress\/ -->\n<title>Netzwerk - Arbeitgeber- und Wirtschaftsverb\u00e4nde Sachsen-Anhalt e. V.<\/title>\n<meta name=\"description\" content=\"Profitieren Sie von unserem starken Netzwerk. Kn\u00fcpfen Sie Kontakte, tauschen Sie Erfahrungen aus und st\u00e4rken Sie Ihr Unternehmen.\" \/>\n<meta name=\"robots\" content=\"index, follow, max-snippet:-1, max-image-preview:large, max-video-preview:-1\" \/>\n<link rel=\"canonical\" href=\"https:\/\/arbeitgeber-lsa.de\/de\/vorteile\/netzwerk\/\" \/>\n<meta property=\"og:locale\" content=\"de_DE\" \/>\n<meta property=\"og:type\" content=\"article\" \/>\n<meta property=\"og:title\" content=\"Netzwerk - Arbeitgeber- und Wirtschaftsverb\u00e4nde Sachsen-Anhalt e. V.\" \/>\n<meta property=\"og:description\" content=\"Profitieren Sie von unserem starken Netzwerk. Kn\u00fcpfen Sie Kontakte, tauschen Sie Erfahrungen aus und st\u00e4rken Sie Ihr Unternehmen.\" \/>\n<meta property=\"og:url\" content=\"https:\/\/arbeitgeber-lsa.de\/de\/vorteile\/netzwerk\/\" \/>\n<meta property=\"og:site_name\" content=\"Arbeitgeber- und Wirtschaftsverb\u00e4nde Sachsen-Anhalt e. V.\" \/>\n<meta property=\"article:modified_time\" content=\"2026-03-02T17:33:54+00:00\" \/>\n<meta property=\"og:image\" content=\"https:\/\/arbeitgeber-lsa.de\/wp-content\/plugins\/spectra-pro\/assets\/images\/placeholder.png\" \/>\n<meta name=\"twitter:card\" content=\"summary_large_image\" \/>\n<meta name=\"twitter:label1\" content=\"Gesch\u00e4tzte Lesezeit\" \/>\n\t<meta name=\"twitter:data1\" content=\"1\u00a0Minute\" \/>\n<script type=\"application\/ld+json\" class=\"yoast-schema-graph\">{\"@context\":\"https:\\\/\\\/schema.org\",\"@graph\":[{\"@type\":\"WebPage\",\"@id\":\"https:\\\/\\\/arbeitgeber-lsa.de\\\/vorteile\\\/netzwerk\\\/\",\"url\":\"https:\\\/\\\/arbeitgeber-lsa.de\\\/vorteile\\\/netzwerk\\\/\",\"name\":\"Netzwerk - Arbeitgeber- und Wirtschaftsverb\u00e4nde Sachsen-Anhalt e. V.\",\"isPartOf\":{\"@id\":\"https:\\\/\\\/arbeitgeber-lsa.de\\\/#website\"},\"primaryImageOfPage\":{\"@id\":\"https:\\\/\\\/arbeitgeber-lsa.de\\\/vorteile\\\/netzwerk\\\/#primaryimage\"},\"image\":{\"@id\":\"https:\\\/\\\/arbeitgeber-lsa.de\\\/vorteile\\\/netzwerk\\\/#primaryimage\"},\"thumbnailUrl\":\"https:\\\/\\\/arbeitgeber-lsa.de\\\/wp-content\\\/plugins\\\/spectra-pro\\\/assets\\\/images\\\/placeholder.png\",\"datePublished\":\"2025-09-29T08:01:26+00:00\",\"dateModified\":\"2026-03-02T17:33:54+00:00\",\"description\":\"Profitieren Sie von unserem starken Netzwerk. Kn\u00fcpfen Sie Kontakte, tauschen Sie Erfahrungen aus und st\u00e4rken Sie Ihr Unternehmen.\",\"breadcrumb\":{\"@id\":\"https:\\\/\\\/arbeitgeber-lsa.de\\\/vorteile\\\/netzwerk\\\/#breadcrumb\"},\"inLanguage\":\"de\",\"potentialAction\":[{\"@type\":\"ReadAction\",\"target\":[\"https:\\\/\\\/arbeitgeber-lsa.de\\\/vorteile\\\/netzwerk\\\/\"]}]},{\"@type\":\"ImageObject\",\"inLanguage\":\"de\",\"@id\":\"https:\\\/\\\/arbeitgeber-lsa.de\\\/vorteile\\\/netzwerk\\\/#primaryimage\",\"url\":\"https:\\\/\\\/arbeitgeber-lsa.de\\\/wp-content\\\/plugins\\\/spectra-pro\\\/assets\\\/images\\\/placeholder.png\",\"contentUrl\":\"https:\\\/\\\/arbeitgeber-lsa.de\\\/wp-content\\\/plugins\\\/spectra-pro\\\/assets\\\/images\\\/placeholder.png\"},{\"@type\":\"BreadcrumbList\",\"@id\":\"https:\\\/\\\/arbeitgeber-lsa.de\\\/vorteile\\\/netzwerk\\\/#breadcrumb\",\"itemListElement\":[{\"@type\":\"ListItem\",\"position\":1,\"name\":\"Startseite\",\"item\":\"https:\\\/\\\/arbeitgeber-lsa.de\\\/\"},{\"@type\":\"ListItem\",\"position\":2,\"name\":\"Vorteile f\u00fcr Mitglieder\",\"item\":\"https:\\\/\\\/arbeitgeber-lsa.de\\\/vorteile\\\/\"},{\"@type\":\"ListItem\",\"position\":3,\"name\":\"Netzwerk\"}]},{\"@type\":\"WebSite\",\"@id\":\"https:\\\/\\\/arbeitgeber-lsa.de\\\/#website\",\"url\":\"https:\\\/\\\/arbeitgeber-lsa.de\\\/\",\"name\":\"Arbeitgeber- und Wirtschaftsverb\u00e4nde Sachsen-Anhalt e. V.\",\"description\":\"\",\"publisher\":{\"@id\":\"https:\\\/\\\/arbeitgeber-lsa.de\\\/#organization\"},\"potentialAction\":[{\"@type\":\"SearchAction\",\"target\":{\"@type\":\"EntryPoint\",\"urlTemplate\":\"https:\\\/\\\/arbeitgeber-lsa.de\\\/?s={search_term_string}\"},\"query-input\":{\"@type\":\"PropertyValueSpecification\",\"valueRequired\":true,\"valueName\":\"search_term_string\"}}],\"inLanguage\":\"de\"},{\"@type\":\"Organization\",\"@id\":\"https:\\\/\\\/arbeitgeber-lsa.de\\\/#organization\",\"name\":\"Arbeitgeber- und Wirtschaftsverb\u00e4nde Sachsen-Anhalt e. V.\",\"url\":\"https:\\\/\\\/arbeitgeber-lsa.de\\\/\",\"logo\":{\"@type\":\"ImageObject\",\"inLanguage\":\"de\",\"@id\":\"https:\\\/\\\/arbeitgeber-lsa.de\\\/#\\\/schema\\\/logo\\\/image\\\/\",\"url\":\"https:\\\/\\\/arbeitgeber-lsa.de\\\/wp-content\\\/uploads\\\/2025\\\/08\\\/avw-logo.svg\",\"contentUrl\":\"https:\\\/\\\/arbeitgeber-lsa.de\\\/wp-content\\\/uploads\\\/2025\\\/08\\\/avw-logo.svg\",\"caption\":\"Arbeitgeber- und Wirtschaftsverb\u00e4nde Sachsen-Anhalt e. V.\"},\"image\":{\"@id\":\"https:\\\/\\\/arbeitgeber-lsa.de\\\/#\\\/schema\\\/logo\\\/image\\\/\"}}]}<\/script>\n<!-- \/ Yoast SEO plugin. -->","yoast_head_json":{"title":"Netzwerk - Arbeitgeber- und Wirtschaftsverb\u00e4nde Sachsen-Anhalt e. V.","description":"Profitieren Sie von unserem starken Netzwerk. Kn\u00fcpfen Sie Kontakte, tauschen Sie Erfahrungen aus und st\u00e4rken Sie Ihr Unternehmen.","robots":{"index":"index","follow":"follow","max-snippet":"max-snippet:-1","max-image-preview":"max-image-preview:large","max-video-preview":"max-video-preview:-1"},"canonical":"https:\/\/arbeitgeber-lsa.de\/de\/vorteile\/netzwerk\/","og_locale":"de_DE","og_type":"article","og_title":"Netzwerk - Arbeitgeber- und Wirtschaftsverb\u00e4nde Sachsen-Anhalt e. V.","og_description":"Profitieren Sie von unserem starken Netzwerk. Kn\u00fcpfen Sie Kontakte, tauschen Sie Erfahrungen aus und st\u00e4rken Sie Ihr Unternehmen.","og_url":"https:\/\/arbeitgeber-lsa.de\/de\/vorteile\/netzwerk\/","og_site_name":"Arbeitgeber- und Wirtschaftsverb\u00e4nde Sachsen-Anhalt e. V.","article_modified_time":"2026-03-02T17:33:54+00:00","og_image":[{"url":"https:\/\/arbeitgeber-lsa.de\/wp-content\/plugins\/spectra-pro\/assets\/images\/placeholder.png","type":"","width":"","height":""}],"twitter_card":"summary_large_image","twitter_misc":{"Gesch\u00e4tzte Lesezeit":"1\u00a0Minute"},"schema":{"@context":"https:\/\/schema.org","@graph":[{"@type":"WebPage","@id":"https:\/\/arbeitgeber-lsa.de\/vorteile\/netzwerk\/","url":"https:\/\/arbeitgeber-lsa.de\/vorteile\/netzwerk\/","name":"Netzwerk - Arbeitgeber- und Wirtschaftsverb\u00e4nde Sachsen-Anhalt e. V.","isPartOf":{"@id":"https:\/\/arbeitgeber-lsa.de\/#website"},"primaryImageOfPage":{"@id":"https:\/\/arbeitgeber-lsa.de\/vorteile\/netzwerk\/#primaryimage"},"image":{"@id":"https:\/\/arbeitgeber-lsa.de\/vorteile\/netzwerk\/#primaryimage"},"thumbnailUrl":"https:\/\/arbeitgeber-lsa.de\/wp-content\/plugins\/spectra-pro\/assets\/images\/placeholder.png","datePublished":"2025-09-29T08:01:26+00:00","dateModified":"2026-03-02T17:33:54+00:00","description":"Profitieren Sie von unserem starken Netzwerk. Kn\u00fcpfen Sie Kontakte, tauschen Sie Erfahrungen aus und st\u00e4rken Sie Ihr Unternehmen.","breadcrumb":{"@id":"https:\/\/arbeitgeber-lsa.de\/vorteile\/netzwerk\/#breadcrumb"},"inLanguage":"de","potentialAction":[{"@type":"ReadAction","target":["https:\/\/arbeitgeber-lsa.de\/vorteile\/netzwerk\/"]}]},{"@type":"ImageObject","inLanguage":"de","@id":"https:\/\/arbeitgeber-lsa.de\/vorteile\/netzwerk\/#primaryimage","url":"https:\/\/arbeitgeber-lsa.de\/wp-content\/plugins\/spectra-pro\/assets\/images\/placeholder.png","contentUrl":"https:\/\/arbeitgeber-lsa.de\/wp-content\/plugins\/spectra-pro\/assets\/images\/placeholder.png"},{"@type":"BreadcrumbList","@id":"https:\/\/arbeitgeber-lsa.de\/vorteile\/netzwerk\/#breadcrumb","itemListElement":[{"@type":"ListItem","position":1,"name":"Startseite","item":"https:\/\/arbeitgeber-lsa.de\/"},{"@type":"ListItem","position":2,"name":"Vorteile f\u00fcr Mitglieder","item":"https:\/\/arbeitgeber-lsa.de\/vorteile\/"},{"@type":"ListItem","position":3,"name":"Netzwerk"}]},{"@type":"WebSite","@id":"https:\/\/arbeitgeber-lsa.de\/#website","url":"https:\/\/arbeitgeber-lsa.de\/","name":"Arbeitgeber- und Wirtschaftsverb\u00e4nde Sachsen-Anhalt e. V.","description":"","publisher":{"@id":"https:\/\/arbeitgeber-lsa.de\/#organization"},"potentialAction":[{"@type":"SearchAction","target":{"@type":"EntryPoint","urlTemplate":"https:\/\/arbeitgeber-lsa.de\/?s={search_term_string}"},"query-input":{"@type":"PropertyValueSpecification","valueRequired":true,"valueName":"search_term_string"}}],"inLanguage":"de"},{"@type":"Organization","@id":"https:\/\/arbeitgeber-lsa.de\/#organization","name":"Arbeitgeber- und Wirtschaftsverb\u00e4nde Sachsen-Anhalt e. V.","url":"https:\/\/arbeitgeber-lsa.de\/","logo":{"@type":"ImageObject","inLanguage":"de","@id":"https:\/\/arbeitgeber-lsa.de\/#\/schema\/logo\/image\/","url":"https:\/\/arbeitgeber-lsa.de\/wp-content\/uploads\/2025\/08\/avw-logo.svg","contentUrl":"https:\/\/arbeitgeber-lsa.de\/wp-content\/uploads\/2025\/08\/avw-logo.svg","caption":"Arbeitgeber- und Wirtschaftsverb\u00e4nde Sachsen-Anhalt e. V."},"image":{"@id":"https:\/\/arbeitgeber-lsa.de\/#\/schema\/logo\/image\/"}}]}},"spectra_custom_meta":{"_edit_lock":["1772472837:1"],"_edit_last":["1"],"_yoast_wpseo_content_score":["90"],"_yoast_wpseo_estimated-reading-time-minutes":["1"],"_yoast_wpseo_metadesc":["Profitieren Sie von unserem starken Netzwerk. Kn\u00fcpfen Sie Kontakte, tauschen Sie Erfahrungen aus und st\u00e4rken Sie Ihr Unternehmen."],"_uag_css_file_name":["uag-css-287.css"],"_uag_js_file_name":["uag-js-287.js"]},"uagb_featured_image_src":{"full":false,"thumbnail":false,"medium":false,"medium_large":false,"large":false,"1536x1536":false,"2048x2048":false,"trp-custom-language-flag":false},"uagb_author_info":{"display_name":"maximilianhuhle","author_link":"https:\/\/arbeitgeber-lsa.de\/de\/author\/maximilianhuhle\/"},"uagb_comment_info":0,"uagb_excerpt":"VME, LVME und VITM sind das Forum von Unternehmern f\u00fcr Unternehmer. Wir bieten hervorragende M\u00f6glichkeiten zum Austausch mit Kollegen aus der Branche. Fachspezifische Arbeitskreise und Veranstaltungen garantieren einen regelm\u00e4\u00dfigen und [&hellip;]","_links":{"self":[{"href":"https:\/\/arbeitgeber-lsa.de\/de\/wp-json\/wp\/v2\/pages\/287","targetHints":{"allow":["GET"]}}],"collection":[{"href":"https:\/\/arbeitgeber-lsa.de\/de\/wp-json\/wp\/v2\/pages"}],"about":[{"href":"https:\/\/arbeitgeber-lsa.de\/de\/wp-json\/wp\/v2\/types\/page"}],"author":[{"embeddable":true,"href":"https:\/\/arbeitgeber-lsa.de\/de\/wp-json\/wp\/v2\/users\/1"}],"replies":[{"embeddable":true,"href":"https:\/\/arbeitgeber-lsa.de\/de\/wp-json\/wp\/v2\/comments?post=287"}],"version-history":[{"count":7,"href":"https:\/\/arbeitgeber-lsa.de\/de\/wp-json\/wp\/v2\/pages\/287\/revisions"}],"predecessor-version":[{"id":1507,"href":"https:\/\/arbeitgeber-lsa.de\/de\/wp-json\/wp\/v2\/pages\/287\/revisions\/1507"}],"up":[{"embeddable":true,"href":"https:\/\/arbeitgeber-lsa.de\/de\/wp-json\/wp\/v2\/pages\/11"}],"wp:attachment":[{"href":"https:\/\/arbeitgeber-lsa.de\/de\/wp-json\/wp\/v2\/media?parent=287"}],"curies":[{"name":"wp","href":"https:\/\/api.w.org\/{rel}","templated":true}]}}