{"id":404,"date":"2025-09-29T11:37:32","date_gmt":"2025-09-29T11:37:32","guid":{"rendered":"https:\/\/arbeitgeber-lsa.de\/?page_id=404"},"modified":"2026-01-25T13:35:27","modified_gmt":"2026-01-25T12:35:27","slug":"mitglied-werden","status":"publish","type":"page","link":"https:\/\/arbeitgeber-lsa.de\/de\/serviceportal\/mitglied-werden\/","title":{"rendered":"Mitglied werden"},"content":{"rendered":"<div class=\"wp-block-columns p-4 has-white-background-color has-background is-layout-flex wp-container-core-columns-is-layout-9d6595d7 wp-block-columns-is-layout-flex\">\n<div class=\"wp-block-column is-layout-flow wp-block-column-is-layout-flow\" style=\"flex-basis:75%\">\n<h2 class=\"wp-block-heading\">Unser Team \u2026<\/h2>\n\n\n\n<div class=\"wp-block-uagb-icon-list uagb-block-7a411e43\"><div class=\"uagb-icon-list__wrap\">\n<div class=\"wp-block-uagb-icon-list-child uagb-block-0de4803b\"><span class=\"uagb-icon-list__source-wrap\"><svg xmlns=\"https:\/\/www.w3.org\/2000\/svg\" viewbox=\"0 0 448 512\"><path d=\"M438.6 105.4C451.1 117.9 451.1 138.1 438.6 150.6L182.6 406.6C170.1 419.1 149.9 419.1 137.4 406.6L9.372 278.6C-3.124 266.1-3.124 245.9 9.372 233.4C21.87 220.9 42.13 220.9 54.63 233.4L159.1 338.7L393.4 105.4C405.9 92.88 426.1 92.88 438.6 105.4H438.6z\"><\/path><\/svg><\/span><span class=\"uagb-icon-list__label\">h\u00e4lt Arbeitgebern den R\u00fccken frei bei der Gestaltung der Arbeitsbedingungen.<\/span><\/div>\n\n\n\n<div class=\"wp-block-uagb-icon-list-child uagb-block-783e791a\"><span class=\"uagb-icon-list__source-wrap\"><svg xmlns=\"https:\/\/www.w3.org\/2000\/svg\" viewbox=\"0 0 448 512\"><path d=\"M438.6 105.4C451.1 117.9 451.1 138.1 438.6 150.6L182.6 406.6C170.1 419.1 149.9 419.1 137.4 406.6L9.372 278.6C-3.124 266.1-3.124 245.9 9.372 233.4C21.87 220.9 42.13 220.9 54.63 233.4L159.1 338.7L393.4 105.4C405.9 92.88 426.1 92.88 438.6 105.4H438.6z\"><\/path><\/svg><\/span><span class=\"uagb-icon-list__label\">ber\u00e4t Ihr Unternehmen bei betrieblichen Ver\u00e4nderungen.<\/span><\/div>\n\n\n\n<div class=\"wp-block-uagb-icon-list-child uagb-block-32ce3f6a\"><span class=\"uagb-icon-list__source-wrap\"><svg xmlns=\"https:\/\/www.w3.org\/2000\/svg\" viewbox=\"0 0 448 512\"><path d=\"M438.6 105.4C451.1 117.9 451.1 138.1 438.6 150.6L182.6 406.6C170.1 419.1 149.9 419.1 137.4 406.6L9.372 278.6C-3.124 266.1-3.124 245.9 9.372 233.4C21.87 220.9 42.13 220.9 54.63 233.4L159.1 338.7L393.4 105.4C405.9 92.88 426.1 92.88 438.6 105.4H438.6z\"><\/path><\/svg><\/span><span class=\"uagb-icon-list__label\">hilft vor Ort, die betriebliche Leistung zu optimieren und Fachkr\u00e4fte von morgen zu finden.<\/span><\/div>\n\n\n\n<div class=\"wp-block-uagb-icon-list-child uagb-block-e7abbae4\"><span class=\"uagb-icon-list__source-wrap\"><svg xmlns=\"https:\/\/www.w3.org\/2000\/svg\" viewbox=\"0 0 448 512\"><path d=\"M438.6 105.4C451.1 117.9 451.1 138.1 438.6 150.6L182.6 406.6C170.1 419.1 149.9 419.1 137.4 406.6L9.372 278.6C-3.124 266.1-3.124 245.9 9.372 233.4C21.87 220.9 42.13 220.9 54.63 233.4L159.1 338.7L393.4 105.4C405.9 92.88 426.1 92.88 438.6 105.4H438.6z\"><\/path><\/svg><\/span><span class=\"uagb-icon-list__label\">wirbt f\u00fcr Positionen der Arbeitgeber.<\/span><\/div>\n\n\n\n<div class=\"wp-block-uagb-icon-list-child uagb-block-b51a9469\"><span class=\"uagb-icon-list__source-wrap\"><svg xmlns=\"https:\/\/www.w3.org\/2000\/svg\" viewbox=\"0 0 448 512\"><path d=\"M438.6 105.4C451.1 117.9 451.1 138.1 438.6 150.6L182.6 406.6C170.1 419.1 149.9 419.1 137.4 406.6L9.372 278.6C-3.124 266.1-3.124 245.9 9.372 233.4C21.87 220.9 42.13 220.9 54.63 233.4L159.1 338.7L393.4 105.4C405.9 92.88 426.1 92.88 438.6 105.4H438.6z\"><\/path><\/svg><\/span><span class=\"uagb-icon-list__label\">bietet Ihnen ein branchen\u00fcbergreifendes Netzwerk zum Austausch.<\/span><\/div>\n<\/div><\/div>\n\n\n\n<p>Vergleicht man den Mitgliedsbeitrag mit den Ausgaben, die Sie durch unsere Leistungen sparen, l\u00e4sst sich der Mehrwert der Verbandsmitgliedschaft sofort betriebswirtschaftlich begr\u00fcnden. S\u00e4mtliche Leistungen sind vom Mitgliedsbeitrag abgedeckt. Ihr Mitgliedsbeitrag ist eine&nbsp;<strong>attraktive Flatrate<\/strong>&nbsp;f\u00fcr die wertvollen Leistungen unseres Verbandes.<\/p>\n\n\n\n<h2 class=\"wp-block-heading\">Ihre Verbandsbenefits<\/h2>\n\n\n\n<div class=\"wp-block-uagb-icon-list uagb-block-ec39fb42\"><div class=\"uagb-icon-list__wrap\">\n<div class=\"wp-block-uagb-icon-list-child uagb-block-35f3ef96\"><span class=\"uagb-icon-list__source-wrap\"><svg xmlns=\"https:\/\/www.w3.org\/2000\/svg\" viewbox=\"0 0 448 512\"><path d=\"M438.6 105.4C451.1 117.9 451.1 138.1 438.6 150.6L182.6 406.6C170.1 419.1 149.9 419.1 137.4 406.6L9.372 278.6C-3.124 266.1-3.124 245.9 9.372 233.4C21.87 220.9 42.13 220.9 54.63 233.4L159.1 338.7L393.4 105.4C405.9 92.88 426.1 92.88 438.6 105.4H438.6z\"><\/path><\/svg><\/span><span class=\"uagb-icon-list__label\">Juristische Beratung und Vertretung im Arbeitsrecht, Sozialrecht und beim europ\u00e4ischen Personaleinsatz<\/span><\/div>\n\n\n\n<div class=\"wp-block-uagb-icon-list-child uagb-block-92d6cabe\"><span class=\"uagb-icon-list__source-wrap\"><svg xmlns=\"https:\/\/www.w3.org\/2000\/svg\" viewbox=\"0 0 448 512\"><path d=\"M438.6 105.4C451.1 117.9 451.1 138.1 438.6 150.6L182.6 406.6C170.1 419.1 149.9 419.1 137.4 406.6L9.372 278.6C-3.124 266.1-3.124 245.9 9.372 233.4C21.87 220.9 42.13 220.9 54.63 233.4L159.1 338.7L393.4 105.4C405.9 92.88 426.1 92.88 438.6 105.4H438.6z\"><\/path><\/svg><\/span><span class=\"uagb-icon-list__label\">Beratung in allen Fragen des Tarifrechtes, Unterst\u00fctzung bei der Umsetzung der Fl\u00e4chentarifvertr\u00e4ge, Verhandlungen von betriebsspezifischen Erg\u00e4nzungstarifvertr\u00e4gen, Arbeitshilfen und Muster zur Umsetzung der tariflichen Regelungen<\/span><\/div>\n\n\n\n<div class=\"wp-block-uagb-icon-list-child uagb-block-1537a19a\"><span class=\"uagb-icon-list__source-wrap\"><svg xmlns=\"https:\/\/www.w3.org\/2000\/svg\" viewbox=\"0 0 448 512\"><path d=\"M438.6 105.4C451.1 117.9 451.1 138.1 438.6 150.6L182.6 406.6C170.1 419.1 149.9 419.1 137.4 406.6L9.372 278.6C-3.124 266.1-3.124 245.9 9.372 233.4C21.87 220.9 42.13 220.9 54.63 233.4L159.1 338.7L393.4 105.4C405.9 92.88 426.1 92.88 438.6 105.4H438.6z\"><\/path><\/svg><\/span><span class=\"uagb-icon-list__label\">Exklusives Unternehmernetzwerk <\/span><\/div>\n\n\n\n<div class=\"wp-block-uagb-icon-list-child uagb-block-ec82250e\"><span class=\"uagb-icon-list__source-wrap\"><svg xmlns=\"https:\/\/www.w3.org\/2000\/svg\" viewbox=\"0 0 448 512\"><path d=\"M438.6 105.4C451.1 117.9 451.1 138.1 438.6 150.6L182.6 406.6C170.1 419.1 149.9 419.1 137.4 406.6L9.372 278.6C-3.124 266.1-3.124 245.9 9.372 233.4C21.87 220.9 42.13 220.9 54.63 233.4L159.1 338.7L393.4 105.4C405.9 92.88 426.1 92.88 438.6 105.4H438.6z\"><\/path><\/svg><\/span><span class=\"uagb-icon-list__label\">Passgenaue L\u00f6sungen durch ein Team aus Fachjuristen, Experten der Arbeitsmarkt-, Bildungs- und Tarifpolitik, Personalarbeit, Arbeitsorganisation und Kommunikation<\/span><\/div>\n\n\n\n<div class=\"wp-block-uagb-icon-list-child uagb-block-a37c1d82\"><span class=\"uagb-icon-list__source-wrap\"><svg xmlns=\"https:\/\/www.w3.org\/2000\/svg\" viewbox=\"0 0 448 512\"><path d=\"M438.6 105.4C451.1 117.9 451.1 138.1 438.6 150.6L182.6 406.6C170.1 419.1 149.9 419.1 137.4 406.6L9.372 278.6C-3.124 266.1-3.124 245.9 9.372 233.4C21.87 220.9 42.13 220.9 54.63 233.4L159.1 338.7L393.4 105.4C405.9 92.88 426.1 92.88 438.6 105.4H438.6z\"><\/path><\/svg><\/span><span class=\"uagb-icon-list__label\">Veranstaltungen mit direktem Mehrwert f\u00fcr Ihr Unternehmen<\/span><\/div>\n\n\n\n<div class=\"wp-block-uagb-icon-list-child uagb-block-6336386a\"><span class=\"uagb-icon-list__source-wrap\"><svg xmlns=\"https:\/\/www.w3.org\/2000\/svg\" viewbox=\"0 0 448 512\"><path d=\"M438.6 105.4C451.1 117.9 451.1 138.1 438.6 150.6L182.6 406.6C170.1 419.1 149.9 419.1 137.4 406.6L9.372 278.6C-3.124 266.1-3.124 245.9 9.372 233.4C21.87 220.9 42.13 220.9 54.63 233.4L159.1 338.7L393.4 105.4C405.9 92.88 426.1 92.88 438.6 105.4H438.6z\"><\/path><\/svg><\/span><span class=\"uagb-icon-list__label\">Arbeitswissenschaftliche Unterst\u00fctzung, z. B. Optimierung der Arbeitsorganisation, Verbesserung von Produktionssystemen, Modernisierung der Arbeitszeitgestaltung und neue Entgeltsysteme sowie betriebliche Altersvorsorge und Altersteilzeit<\/span><\/div>\n\n\n\n<div class=\"wp-block-uagb-icon-list-child uagb-block-f0aeb321\"><span class=\"uagb-icon-list__source-wrap\"><svg xmlns=\"https:\/\/www.w3.org\/2000\/svg\" viewbox=\"0 0 448 512\"><path d=\"M438.6 105.4C451.1 117.9 451.1 138.1 438.6 150.6L182.6 406.6C170.1 419.1 149.9 419.1 137.4 406.6L9.372 278.6C-3.124 266.1-3.124 245.9 9.372 233.4C21.87 220.9 42.13 220.9 54.63 233.4L159.1 338.7L393.4 105.4C405.9 92.88 426.1 92.88 438.6 105.4H438.6z\"><\/path><\/svg><\/span><span class=\"uagb-icon-list__label\">Begleitung von Transformationsprozessen, z. B. beim digitalen Strukturwandel<\/span><\/div>\n\n\n\n<div class=\"wp-block-uagb-icon-list-child uagb-block-7fd3c4e9\"><span class=\"uagb-icon-list__source-wrap\"><svg xmlns=\"https:\/\/www.w3.org\/2000\/svg\" viewbox=\"0 0 448 512\"><path d=\"M438.6 105.4C451.1 117.9 451.1 138.1 438.6 150.6L182.6 406.6C170.1 419.1 149.9 419.1 137.4 406.6L9.372 278.6C-3.124 266.1-3.124 245.9 9.372 233.4C21.87 220.9 42.13 220.9 54.63 233.4L159.1 338.7L393.4 105.4C405.9 92.88 426.1 92.88 438.6 105.4H438.6z\"><\/path><\/svg><\/span><span class=\"uagb-icon-list__label\">Arbeitsschutz und betriebliches Gesundheitsmanagement<\/span><\/div>\n\n\n\n<div class=\"wp-block-uagb-icon-list-child uagb-block-8e273387\"><span class=\"uagb-icon-list__source-wrap\"><svg xmlns=\"https:\/\/www.w3.org\/2000\/svg\" viewbox=\"0 0 448 512\"><path d=\"M438.6 105.4C451.1 117.9 451.1 138.1 438.6 150.6L182.6 406.6C170.1 419.1 149.9 419.1 137.4 406.6L9.372 278.6C-3.124 266.1-3.124 245.9 9.372 233.4C21.87 220.9 42.13 220.9 54.63 233.4L159.1 338.7L393.4 105.4C405.9 92.88 426.1 92.88 438.6 105.4H438.6z\"><\/path><\/svg><\/span><span class=\"uagb-icon-list__label\">Fachkr\u00e4ftesicherung, Nachwuchsmarketing, Qualifizierung von Fach- und F\u00fchrungskr\u00e4ften<\/span><\/div>\n\n\n\n<div class=\"wp-block-uagb-icon-list-child uagb-block-e2e1b0ac\"><span class=\"uagb-icon-list__source-wrap\"><svg xmlns=\"https:\/\/www.w3.org\/2000\/svg\" viewbox=\"0 0 448 512\"><path d=\"M438.6 105.4C451.1 117.9 451.1 138.1 438.6 150.6L182.6 406.6C170.1 419.1 149.9 419.1 137.4 406.6L9.372 278.6C-3.124 266.1-3.124 245.9 9.372 233.4C21.87 220.9 42.13 220.9 54.63 233.4L159.1 338.7L393.4 105.4C405.9 92.88 426.1 92.88 438.6 105.4H438.6z\"><\/path><\/svg><\/span><span class=\"uagb-icon-list__label\">Regelm\u00e4\u00dfige aktuelle Informationen<\/span><\/div>\n<\/div><\/div>\n\n\n\n<h2 class=\"wp-block-heading\">Beispiel:<\/h2>\n\n\n\n<p>Sie zahlen j\u00e4hrlich einen Beitrag und verf\u00fcgen \u00fcber das gesamte Leistungsspektrum des Verbandes. Ihr Mitgliedsbeitrag betr\u00e4gt nur 2 \u2030 (= 0,2 %) der Entgeltsumme, die Sie der Berufsgenossenschaft melden.*<\/p>\n\n\n\n<p><em>Ein Unternehmen&nbsp;mit ca. 100 Mitarbeitern und&nbsp;4 Mio. \u20ac Entgeltsumme.<\/em><\/p>\n\n\n\n<p><em>Der j\u00e4hrliche Beitrag betr\u00e4gt 8.000 \u20ac.<\/em><\/p>\n\n\n\n<p>* Die Beitragselemente besprechen wir im pers\u00f6nlichen Gespr\u00e4ch.<\/p>\n<\/div>\n\n\n\n<div class=\"wp-block-column is-layout-flow wp-block-column-is-layout-flow\" style=\"flex-basis:45%\"><div class=\"wp-block-uagb-loop-builder uagb-block-7b507fb9      alignwide\" data-block_id=\"7b507fb9\"  style=\"\"><div id=\"uagb-block-queryid-3\" data-query-id=\"3\" class=\"uagb-loop-container uagb-block-0c2a9a31\" style=\"\"><div class=\"uagb-loop-post\"><div class=\"uagb-loop-post-inner\">\n\n<div class=\"wp-block-uagb-container ansprechpartner-item after-primary uagb-block-d84215ff default uagb-is-root-container\">\n<div class=\"wp-block-uagb-image uagb-block-dab61adc wp-block-uagb-image--layout-default wp-block-uagb-image--effect-static wp-block-uagb-image--align-none\"><figure class=\"wp-block-uagb-image__figure\"><img decoding=\"async\"  sizes=\"auto, (max-width: 480px) 150px\" src=\"https:\/\/arbeitgeber-lsa.de\/wp-content\/plugins\/spectra-pro\/assets\/images\/placeholder.png\" alt=\"\" width=\"400\" height=\"500\" title=\"\" loading=\"lazy\" role=\"img\"\/><\/figure><\/div>\n\n\n\n<div class=\"wp-block-uagb-container uagb-layout-flex uagb-block-5b980285\">\n<div class=\"wp-block-uagb-advanced-heading uagb-block-368adfb1\"><h3 class=\"uagb-heading-text\"><span data-spectra-dc-field=\"current_post|post_title\" class=\"uag-pro-dynamic-content\" data-rich-text-format-boundary=\"true\">Loading\u2026<\/span><\/h3><\/div>\n\n\n\n<div class=\"wp-block-uagb-advanced-heading uagb-block-546704af\"><p class=\"uagb-heading-text\"><span data-spectra-dc-field=\"current_post|custom_field|custom_key|position\" class=\"uag-pro-dynamic-content\">No Content<\/span><\/p><\/div>\n\n\n\n<div class=\"wp-block-uagb-advanced-heading uagb-block-31533ca5\"><p class=\"uagb-heading-text\"><span data-spectra-dc-field=\"current_post|custom_field|custom_key|e-mail\" data-spectra-dc-advanced=\"E: |||\" data-spectra-dc-link=\"custom_field|custom_field|custom_key|e-mail\" class=\"uag-pro-dynamic-content\">E:<\/span><\/p><\/div>\n\n\n\n<div class=\"wp-block-uagb-advanced-heading uagb-block-9db982d6\"><p class=\"uagb-heading-text\"><span data-spectra-dc-field=\"current_post|custom_field|custom_key|telefon\" data-spectra-dc-advanced=\"T: |||\" data-spectra-dc-link=\"custom_field|custom_field|custom_key|telefon_link\" class=\"uag-pro-dynamic-content\">T:<\/span><\/p><\/div>\n<\/div>\n<\/div>\n\n<\/div><\/div><\/div><\/div><\/div>\n<\/div>","protected":false},"excerpt":{"rendered":"<p>Unser Team \u2026 Vergleicht man den Mitgliedsbeitrag mit den Ausgaben, die Sie durch unsere Leistungen sparen, l\u00e4sst sich der Mehrwert der Verbandsmitgliedschaft sofort betriebswirtschaftlich begr\u00fcnden. S\u00e4mtliche Leistungen sind vom Mitgliedsbeitrag [&hellip;]<\/p>\n","protected":false},"author":1,"featured_media":0,"parent":19,"menu_order":0,"comment_status":"closed","ping_status":"closed","template":"","meta":{"_acf_changed":false,"inline_featured_image":false,"_uag_custom_page_level_css":"","_price":"","_stock":"","_tribe_ticket_header":"","_tribe_default_ticket_provider":"","_tribe_ticket_capacity":"","_ticket_start_date":"","_ticket_end_date":"","_tribe_ticket_show_description":"","_tribe_ticket_show_not_going":false,"_tribe_ticket_use_global_stock":"","_tribe_ticket_global_stock_level":"","_global_stock_mode":"","_global_stock_cap":"","_tribe_rsvp_for_event":"","_tribe_ticket_going_count":"","_tribe_ticket_not_going_count":"","_tribe_tickets_list":"[]","_tribe_ticket_has_attendee_info_fields":false,"footnotes":""},"class_list":["post-404","page","type-page","status-publish","hentry"],"acf":[],"yoast_head":"<!-- This site is optimized with the Yoast SEO plugin v27.3 - https:\/\/yoast.com\/product\/yoast-seo-wordpress\/ -->\n<title>Mitglied werden - Arbeitgeber- und Wirtschaftsverb\u00e4nde Sachsen-Anhalt e. V.<\/title>\n<meta name=\"robots\" content=\"index, follow, max-snippet:-1, max-image-preview:large, max-video-preview:-1\" \/>\n<link rel=\"canonical\" href=\"https:\/\/arbeitgeber-lsa.de\/de\/serviceportal\/mitglied-werden\/\" \/>\n<meta property=\"og:locale\" content=\"de_DE\" \/>\n<meta property=\"og:type\" content=\"article\" \/>\n<meta property=\"og:title\" content=\"Mitglied werden - Arbeitgeber- und Wirtschaftsverb\u00e4nde Sachsen-Anhalt e. V.\" \/>\n<meta property=\"og:description\" content=\"Unser Team \u2026 Vergleicht man den Mitgliedsbeitrag mit den Ausgaben, die Sie durch unsere Leistungen sparen, l\u00e4sst sich der Mehrwert der Verbandsmitgliedschaft sofort betriebswirtschaftlich begr\u00fcnden. S\u00e4mtliche Leistungen sind vom Mitgliedsbeitrag [&hellip;]\" \/>\n<meta property=\"og:url\" content=\"https:\/\/arbeitgeber-lsa.de\/de\/serviceportal\/mitglied-werden\/\" \/>\n<meta property=\"og:site_name\" content=\"Arbeitgeber- und Wirtschaftsverb\u00e4nde Sachsen-Anhalt e. V.\" \/>\n<meta property=\"article:modified_time\" content=\"2026-01-25T12:35:27+00:00\" \/>\n<meta property=\"og:image\" content=\"https:\/\/arbeitgeber-lsa.de\/wp-content\/plugins\/spectra-pro\/assets\/images\/placeholder.png\" \/>\n<meta name=\"twitter:card\" content=\"summary_large_image\" \/>\n<meta name=\"twitter:label1\" content=\"Gesch\u00e4tzte Lesezeit\" \/>\n\t<meta name=\"twitter:data1\" content=\"2\u00a0Minuten\" \/>\n<script type=\"application\/ld+json\" class=\"yoast-schema-graph\">{\"@context\":\"https:\\\/\\\/schema.org\",\"@graph\":[{\"@type\":\"WebPage\",\"@id\":\"https:\\\/\\\/arbeitgeber-lsa.de\\\/serviceportal\\\/mitglied-werden\\\/\",\"url\":\"https:\\\/\\\/arbeitgeber-lsa.de\\\/serviceportal\\\/mitglied-werden\\\/\",\"name\":\"Mitglied werden - Arbeitgeber- und Wirtschaftsverb\u00e4nde Sachsen-Anhalt e. V.\",\"isPartOf\":{\"@id\":\"https:\\\/\\\/arbeitgeber-lsa.de\\\/#website\"},\"primaryImageOfPage\":{\"@id\":\"https:\\\/\\\/arbeitgeber-lsa.de\\\/serviceportal\\\/mitglied-werden\\\/#primaryimage\"},\"image\":{\"@id\":\"https:\\\/\\\/arbeitgeber-lsa.de\\\/serviceportal\\\/mitglied-werden\\\/#primaryimage\"},\"thumbnailUrl\":\"https:\\\/\\\/arbeitgeber-lsa.de\\\/wp-content\\\/plugins\\\/spectra-pro\\\/assets\\\/images\\\/placeholder.png\",\"datePublished\":\"2025-09-29T11:37:32+00:00\",\"dateModified\":\"2026-01-25T12:35:27+00:00\",\"breadcrumb\":{\"@id\":\"https:\\\/\\\/arbeitgeber-lsa.de\\\/serviceportal\\\/mitglied-werden\\\/#breadcrumb\"},\"inLanguage\":\"de\",\"potentialAction\":[{\"@type\":\"ReadAction\",\"target\":[\"https:\\\/\\\/arbeitgeber-lsa.de\\\/serviceportal\\\/mitglied-werden\\\/\"]}]},{\"@type\":\"ImageObject\",\"inLanguage\":\"de\",\"@id\":\"https:\\\/\\\/arbeitgeber-lsa.de\\\/serviceportal\\\/mitglied-werden\\\/#primaryimage\",\"url\":\"https:\\\/\\\/arbeitgeber-lsa.de\\\/wp-content\\\/plugins\\\/spectra-pro\\\/assets\\\/images\\\/placeholder.png\",\"contentUrl\":\"https:\\\/\\\/arbeitgeber-lsa.de\\\/wp-content\\\/plugins\\\/spectra-pro\\\/assets\\\/images\\\/placeholder.png\"},{\"@type\":\"BreadcrumbList\",\"@id\":\"https:\\\/\\\/arbeitgeber-lsa.de\\\/serviceportal\\\/mitglied-werden\\\/#breadcrumb\",\"itemListElement\":[{\"@type\":\"ListItem\",\"position\":1,\"name\":\"Startseite\",\"item\":\"https:\\\/\\\/arbeitgeber-lsa.de\\\/\"},{\"@type\":\"ListItem\",\"position\":2,\"name\":\"Serviceportal\",\"item\":\"https:\\\/\\\/arbeitgeber-lsa.de\\\/serviceportal\\\/\"},{\"@type\":\"ListItem\",\"position\":3,\"name\":\"Mitglied werden\"}]},{\"@type\":\"WebSite\",\"@id\":\"https:\\\/\\\/arbeitgeber-lsa.de\\\/#website\",\"url\":\"https:\\\/\\\/arbeitgeber-lsa.de\\\/\",\"name\":\"Arbeitgeber- und Wirtschaftsverb\u00e4nde Sachsen-Anhalt e. V.\",\"description\":\"\",\"publisher\":{\"@id\":\"https:\\\/\\\/arbeitgeber-lsa.de\\\/#organization\"},\"potentialAction\":[{\"@type\":\"SearchAction\",\"target\":{\"@type\":\"EntryPoint\",\"urlTemplate\":\"https:\\\/\\\/arbeitgeber-lsa.de\\\/?s={search_term_string}\"},\"query-input\":{\"@type\":\"PropertyValueSpecification\",\"valueRequired\":true,\"valueName\":\"search_term_string\"}}],\"inLanguage\":\"de\"},{\"@type\":\"Organization\",\"@id\":\"https:\\\/\\\/arbeitgeber-lsa.de\\\/#organization\",\"name\":\"Arbeitgeber- und Wirtschaftsverb\u00e4nde Sachsen-Anhalt e. V.\",\"url\":\"https:\\\/\\\/arbeitgeber-lsa.de\\\/\",\"logo\":{\"@type\":\"ImageObject\",\"inLanguage\":\"de\",\"@id\":\"https:\\\/\\\/arbeitgeber-lsa.de\\\/#\\\/schema\\\/logo\\\/image\\\/\",\"url\":\"https:\\\/\\\/arbeitgeber-lsa.de\\\/wp-content\\\/uploads\\\/2025\\\/08\\\/avw-logo.svg\",\"contentUrl\":\"https:\\\/\\\/arbeitgeber-lsa.de\\\/wp-content\\\/uploads\\\/2025\\\/08\\\/avw-logo.svg\",\"caption\":\"Arbeitgeber- und Wirtschaftsverb\u00e4nde Sachsen-Anhalt e. V.\"},\"image\":{\"@id\":\"https:\\\/\\\/arbeitgeber-lsa.de\\\/#\\\/schema\\\/logo\\\/image\\\/\"}}]}<\/script>\n<!-- \/ Yoast SEO plugin. -->","yoast_head_json":{"title":"Mitglied werden - Arbeitgeber- und Wirtschaftsverb\u00e4nde Sachsen-Anhalt e. V.","robots":{"index":"index","follow":"follow","max-snippet":"max-snippet:-1","max-image-preview":"max-image-preview:large","max-video-preview":"max-video-preview:-1"},"canonical":"https:\/\/arbeitgeber-lsa.de\/de\/serviceportal\/mitglied-werden\/","og_locale":"de_DE","og_type":"article","og_title":"Mitglied werden - Arbeitgeber- und Wirtschaftsverb\u00e4nde Sachsen-Anhalt e. V.","og_description":"Unser Team \u2026 Vergleicht man den Mitgliedsbeitrag mit den Ausgaben, die Sie durch unsere Leistungen sparen, l\u00e4sst sich der Mehrwert der Verbandsmitgliedschaft sofort betriebswirtschaftlich begr\u00fcnden. S\u00e4mtliche Leistungen sind vom Mitgliedsbeitrag [&hellip;]","og_url":"https:\/\/arbeitgeber-lsa.de\/de\/serviceportal\/mitglied-werden\/","og_site_name":"Arbeitgeber- und Wirtschaftsverb\u00e4nde Sachsen-Anhalt e. V.","article_modified_time":"2026-01-25T12:35:27+00:00","og_image":[{"url":"https:\/\/arbeitgeber-lsa.de\/wp-content\/plugins\/spectra-pro\/assets\/images\/placeholder.png","type":"","width":"","height":""}],"twitter_card":"summary_large_image","twitter_misc":{"Gesch\u00e4tzte Lesezeit":"2\u00a0Minuten"},"schema":{"@context":"https:\/\/schema.org","@graph":[{"@type":"WebPage","@id":"https:\/\/arbeitgeber-lsa.de\/serviceportal\/mitglied-werden\/","url":"https:\/\/arbeitgeber-lsa.de\/serviceportal\/mitglied-werden\/","name":"Mitglied werden - Arbeitgeber- und Wirtschaftsverb\u00e4nde Sachsen-Anhalt e. V.","isPartOf":{"@id":"https:\/\/arbeitgeber-lsa.de\/#website"},"primaryImageOfPage":{"@id":"https:\/\/arbeitgeber-lsa.de\/serviceportal\/mitglied-werden\/#primaryimage"},"image":{"@id":"https:\/\/arbeitgeber-lsa.de\/serviceportal\/mitglied-werden\/#primaryimage"},"thumbnailUrl":"https:\/\/arbeitgeber-lsa.de\/wp-content\/plugins\/spectra-pro\/assets\/images\/placeholder.png","datePublished":"2025-09-29T11:37:32+00:00","dateModified":"2026-01-25T12:35:27+00:00","breadcrumb":{"@id":"https:\/\/arbeitgeber-lsa.de\/serviceportal\/mitglied-werden\/#breadcrumb"},"inLanguage":"de","potentialAction":[{"@type":"ReadAction","target":["https:\/\/arbeitgeber-lsa.de\/serviceportal\/mitglied-werden\/"]}]},{"@type":"ImageObject","inLanguage":"de","@id":"https:\/\/arbeitgeber-lsa.de\/serviceportal\/mitglied-werden\/#primaryimage","url":"https:\/\/arbeitgeber-lsa.de\/wp-content\/plugins\/spectra-pro\/assets\/images\/placeholder.png","contentUrl":"https:\/\/arbeitgeber-lsa.de\/wp-content\/plugins\/spectra-pro\/assets\/images\/placeholder.png"},{"@type":"BreadcrumbList","@id":"https:\/\/arbeitgeber-lsa.de\/serviceportal\/mitglied-werden\/#breadcrumb","itemListElement":[{"@type":"ListItem","position":1,"name":"Startseite","item":"https:\/\/arbeitgeber-lsa.de\/"},{"@type":"ListItem","position":2,"name":"Serviceportal","item":"https:\/\/arbeitgeber-lsa.de\/serviceportal\/"},{"@type":"ListItem","position":3,"name":"Mitglied werden"}]},{"@type":"WebSite","@id":"https:\/\/arbeitgeber-lsa.de\/#website","url":"https:\/\/arbeitgeber-lsa.de\/","name":"Arbeitgeber- und Wirtschaftsverb\u00e4nde Sachsen-Anhalt e. V.","description":"","publisher":{"@id":"https:\/\/arbeitgeber-lsa.de\/#organization"},"potentialAction":[{"@type":"SearchAction","target":{"@type":"EntryPoint","urlTemplate":"https:\/\/arbeitgeber-lsa.de\/?s={search_term_string}"},"query-input":{"@type":"PropertyValueSpecification","valueRequired":true,"valueName":"search_term_string"}}],"inLanguage":"de"},{"@type":"Organization","@id":"https:\/\/arbeitgeber-lsa.de\/#organization","name":"Arbeitgeber- und Wirtschaftsverb\u00e4nde Sachsen-Anhalt e. V.","url":"https:\/\/arbeitgeber-lsa.de\/","logo":{"@type":"ImageObject","inLanguage":"de","@id":"https:\/\/arbeitgeber-lsa.de\/#\/schema\/logo\/image\/","url":"https:\/\/arbeitgeber-lsa.de\/wp-content\/uploads\/2025\/08\/avw-logo.svg","contentUrl":"https:\/\/arbeitgeber-lsa.de\/wp-content\/uploads\/2025\/08\/avw-logo.svg","caption":"Arbeitgeber- und Wirtschaftsverb\u00e4nde Sachsen-Anhalt e. V."},"image":{"@id":"https:\/\/arbeitgeber-lsa.de\/#\/schema\/logo\/image\/"}}]}},"spectra_custom_meta":{"_edit_lock":["1772472166:1"],"_edit_last":["1"],"_yoast_wpseo_content_score":["90"],"_yoast_wpseo_estimated-reading-time-minutes":["2"],"_uag_css_file_name":["uag-css-404.css"],"_uag_js_file_name":["uag-js-404.js"]},"uagb_featured_image_src":{"full":false,"thumbnail":false,"medium":false,"medium_large":false,"large":false,"1536x1536":false,"2048x2048":false,"trp-custom-language-flag":false},"uagb_author_info":{"display_name":"maximilianhuhle","author_link":"https:\/\/arbeitgeber-lsa.de\/de\/author\/maximilianhuhle\/"},"uagb_comment_info":0,"uagb_excerpt":"Unser Team \u2026 Vergleicht man den Mitgliedsbeitrag mit den Ausgaben, die Sie durch unsere Leistungen sparen, l\u00e4sst sich der Mehrwert der Verbandsmitgliedschaft sofort betriebswirtschaftlich begr\u00fcnden. S\u00e4mtliche Leistungen sind vom Mitgliedsbeitrag [&hellip;]","_links":{"self":[{"href":"https:\/\/arbeitgeber-lsa.de\/de\/wp-json\/wp\/v2\/pages\/404","targetHints":{"allow":["GET"]}}],"collection":[{"href":"https:\/\/arbeitgeber-lsa.de\/de\/wp-json\/wp\/v2\/pages"}],"about":[{"href":"https:\/\/arbeitgeber-lsa.de\/de\/wp-json\/wp\/v2\/types\/page"}],"author":[{"embeddable":true,"href":"https:\/\/arbeitgeber-lsa.de\/de\/wp-json\/wp\/v2\/users\/1"}],"replies":[{"embeddable":true,"href":"https:\/\/arbeitgeber-lsa.de\/de\/wp-json\/wp\/v2\/comments?post=404"}],"version-history":[{"count":11,"href":"https:\/\/arbeitgeber-lsa.de\/de\/wp-json\/wp\/v2\/pages\/404\/revisions"}],"predecessor-version":[{"id":1003,"href":"https:\/\/arbeitgeber-lsa.de\/de\/wp-json\/wp\/v2\/pages\/404\/revisions\/1003"}],"up":[{"embeddable":true,"href":"https:\/\/arbeitgeber-lsa.de\/de\/wp-json\/wp\/v2\/pages\/19"}],"wp:attachment":[{"href":"https:\/\/arbeitgeber-lsa.de\/de\/wp-json\/wp\/v2\/media?parent=404"}],"curies":[{"name":"wp","href":"https:\/\/api.w.org\/{rel}","templated":true}]}}