{"id":42,"date":"2025-07-29T18:54:14","date_gmt":"2025-07-29T18:54:14","guid":{"rendered":"https:\/\/arbeitgeber-lsa.de\/?page_id=42"},"modified":"2026-04-09T15:50:32","modified_gmt":"2026-04-09T14:50:32","slug":"arbeitsbeziehungen-tarifpolitik","status":"publish","type":"page","link":"https:\/\/arbeitgeber-lsa.de\/de\/vorteile\/arbeitsbeziehungen-tarifpolitik\/","title":{"rendered":"Kollektives Arbeitsrecht"},"content":{"rendered":"<div class=\"wp-block-columns p-4 has-white-background-color has-background is-layout-flex wp-container-core-columns-is-layout-9d6595d7 wp-block-columns-is-layout-flex\">\n<div class=\"wp-block-column is-layout-flow wp-block-column-is-layout-flow\" style=\"flex-basis:75%\">\n<p>Kollektives Arbeitsrecht geh\u00f6rt zu unseren Kernkompetenzen. Wir verhandeln im Auftrag unserer Mitgliedsbetriebe des VME mit der Industriegewerkschaft Metall (IG Metall) die regionalen Fl\u00e4chentarifvertr\u00e4ge der Metall- und Elektroindustrie Sachsen-Anhalt. Nicht tarifgebundene Mitgliedsbetriebe des LVME und VITM unterst\u00fctzen wir bei betrieblichen Modellen zur Regelung der Arbeitsbeziehungen im Betrieb. Wir streiten f\u00fcr wirtschaftlich tragbare Standards und erm\u00f6glichen betriebsnahe und zuverl\u00e4ssige L\u00f6sungen.<\/p>\n\n\n\n<h2 class=\"wp-block-heading\"><strong>Ihre Vorteile auf einen Blick:<\/strong><\/h2>\n\n\n\n<div class=\"wp-block-uagb-icon-list uagb-block-7a411e43\"><div class=\"uagb-icon-list__wrap\">\n<div class=\"wp-block-uagb-icon-list-child uagb-block-0de4803b\"><span class=\"uagb-icon-list__source-wrap\"><svg xmlns=\"https:\/\/www.w3.org\/2000\/svg\" viewbox=\"0 0 448 512\"><path d=\"M438.6 105.4C451.1 117.9 451.1 138.1 438.6 150.6L182.6 406.6C170.1 419.1 149.9 419.1 137.4 406.6L9.372 278.6C-3.124 266.1-3.124 245.9 9.372 233.4C21.87 220.9 42.13 220.9 54.63 233.4L159.1 338.7L393.4 105.4C405.9 92.88 426.1 92.88 438.6 105.4H438.6z\"><\/path><\/svg><\/span><span class=\"uagb-icon-list__label\">Wir verhandeln f\u00fcr die VME-Mitgliedsbetriebe den Fl\u00e4chentarifvertrag f\u00fcr Sachsen-Anhalt.<\/span><\/div>\n\n\n\n<div class=\"wp-block-uagb-icon-list-child uagb-block-783e791a\"><span class=\"uagb-icon-list__source-wrap\"><svg xmlns=\"https:\/\/www.w3.org\/2000\/svg\" viewbox=\"0 0 448 512\"><path d=\"M438.6 105.4C451.1 117.9 451.1 138.1 438.6 150.6L182.6 406.6C170.1 419.1 149.9 419.1 137.4 406.6L9.372 278.6C-3.124 266.1-3.124 245.9 9.372 233.4C21.87 220.9 42.13 220.9 54.63 233.4L159.1 338.7L393.4 105.4C405.9 92.88 426.1 92.88 438.6 105.4H438.6z\"><\/path><\/svg><\/span><span class=\"uagb-icon-list__label\">Wir haben im Rahmen des Fl\u00e4chentarifvertrages die Instrumente, um\u00a0f\u00fcr VME-Mitgliedsbetriebe tarifliche Sonderregelungen zu vereinbaren.\u00a0<\/span><\/div>\n\n\n\n<div class=\"wp-block-uagb-icon-list-child uagb-block-32ce3f6a\"><span class=\"uagb-icon-list__source-wrap\"><svg xmlns=\"https:\/\/www.w3.org\/2000\/svg\" viewbox=\"0 0 448 512\"><path d=\"M438.6 105.4C451.1 117.9 451.1 138.1 438.6 150.6L182.6 406.6C170.1 419.1 149.9 419.1 137.4 406.6L9.372 278.6C-3.124 266.1-3.124 245.9 9.372 233.4C21.87 220.9 42.13 220.9 54.63 233.4L159.1 338.7L393.4 105.4C405.9 92.88 426.1 92.88 438.6 105.4H438.6z\"><\/path><\/svg><\/span><span class=\"uagb-icon-list__label\">Wir beraten bei der Anwendung einer auf den einzelnen Betrieb angepassten Ausgestaltung des Fl\u00e4chentarifvertrages.<\/span><\/div>\n\n\n\n<div class=\"wp-block-uagb-icon-list-child uagb-block-e7abbae4\"><span class=\"uagb-icon-list__source-wrap\"><svg xmlns=\"https:\/\/www.w3.org\/2000\/svg\" viewbox=\"0 0 448 512\"><path d=\"M438.6 105.4C451.1 117.9 451.1 138.1 438.6 150.6L182.6 406.6C170.1 419.1 149.9 419.1 137.4 406.6L9.372 278.6C-3.124 266.1-3.124 245.9 9.372 233.4C21.87 220.9 42.13 220.9 54.63 233.4L159.1 338.7L393.4 105.4C405.9 92.88 426.1 92.88 438.6 105.4H438.6z\"><\/path><\/svg><\/span><span class=\"uagb-icon-list__label\">Nicht tarifgebundenen Mitgliedsbetrieben des LVME oder des VITM unterst\u00fctzen wir bei der Erarbeitung und Implementierung betrieblicher, ma\u00dfgeschneideter und interner L\u00f6sungen. Auf Wunsch begleiten und beraten wir bei Haustarifverhandlungen vor Ort.\u00a0<\/span><\/div>\n\n\n\n<div class=\"wp-block-uagb-icon-list-child uagb-block-b51a9469\"><span class=\"uagb-icon-list__source-wrap\"><svg xmlns=\"https:\/\/www.w3.org\/2000\/svg\" viewbox=\"0 0 448 512\"><path d=\"M438.6 105.4C451.1 117.9 451.1 138.1 438.6 150.6L182.6 406.6C170.1 419.1 149.9 419.1 137.4 406.6L9.372 278.6C-3.124 266.1-3.124 245.9 9.372 233.4C21.87 220.9 42.13 220.9 54.63 233.4L159.1 338.7L393.4 105.4C405.9 92.88 426.1 92.88 438.6 105.4H438.6z\"><\/path><\/svg><\/span><span class=\"uagb-icon-list__label\">Tarifautonomie und Koalitionsfreiheit sind keine leeren Floskeln. Wir unterst\u00fctzen auch die Unternehmen, die sich f\u00fcr andere Formen der Regelung betrieblicher Arbeitsbedingungen entscheiden.<\/span><\/div>\n<\/div><\/div>\n\n\n\n<div class=\"wp-block-buttons is-layout-flex wp-block-buttons-is-layout-flex\" style=\"margin-top:var(--wp--preset--spacing--60)\">\n<div class=\"wp-block-button\"><a class=\"wp-block-button__link wp-element-button\" href=\"https:\/\/arbeitgeber-lsa.de\/de\/serviceportal\/tarifvertraege\/\">M+E-Tarifvertr\u00e4ge<\/a><\/div>\n\n\n\n<div class=\"wp-block-button\"><a class=\"wp-block-button__link wp-element-button\" href=\"https:\/\/arbeitgeber-lsa.de\/de\/serviceportal\/arbeitshilfen\/\">Arbeitshilfen<\/a><\/div>\n\n\n\n<div class=\"wp-block-button\"><a class=\"wp-block-button__link wp-element-button\" href=\"https:\/\/arbeitgeber-lsa.de\/de\/serviceportal\/muster\/\">Muster<\/a><\/div>\n<\/div>\n<\/div>\n\n\n\n<div class=\"wp-block-column is-layout-flow wp-block-column-is-layout-flow\" style=\"flex-basis:45%\"><div class=\"wp-block-uagb-loop-builder uagb-block-7b507fb9      alignwide\" data-block_id=\"7b507fb9\"  style=\"\"><div id=\"uagb-block-queryid-3\" data-query-id=\"3\" class=\"uagb-loop-container uagb-block-0c2a9a31\" style=\"\"><div class=\"uagb-loop-post\"><div class=\"uagb-loop-post-inner\">\n\n<div class=\"wp-block-uagb-container ansprechpartner-item after-primary uagb-block-d84215ff default uagb-is-root-container\">\n<div class=\"wp-block-uagb-image uagb-block-dab61adc wp-block-uagb-image--layout-default wp-block-uagb-image--effect-static wp-block-uagb-image--align-none\"><figure class=\"wp-block-uagb-image__figure\"><img decoding=\"async\"  sizes=\"auto, (max-width: 480px) 150px\" src=\"https:\/\/arbeitgeber-lsa.de\/wp-content\/plugins\/spectra-pro\/assets\/images\/placeholder.png\" alt=\"\" width=\"400\" height=\"500\" title=\"\" loading=\"lazy\" role=\"img\"\/><\/figure><\/div>\n\n\n\n<div class=\"wp-block-uagb-container uagb-layout-flex uagb-block-5b980285\">\n<div class=\"wp-block-uagb-advanced-heading uagb-block-368adfb1\"><h3 class=\"uagb-heading-text\"><span data-spectra-dc-field=\"current_post|post_title\" class=\"uag-pro-dynamic-content\" data-rich-text-format-boundary=\"true\">Loading\u2026<\/span><\/h3><\/div>\n\n\n\n<div class=\"wp-block-uagb-advanced-heading uagb-block-546704af\"><p class=\"uagb-heading-text\"><span data-spectra-dc-field=\"current_post|custom_field|custom_key|position\" class=\"uag-pro-dynamic-content\">No Content<\/span><\/p><\/div>\n\n\n\n<div class=\"wp-block-uagb-advanced-heading uagb-block-31533ca5\"><p class=\"uagb-heading-text\"><span data-spectra-dc-field=\"current_post|custom_field|custom_key|e-mail\" data-spectra-dc-advanced=\"E: |||\" data-spectra-dc-link=\"custom_field|custom_field|custom_key|e-mail\" class=\"uag-pro-dynamic-content\">E:<\/span><\/p><\/div>\n\n\n\n<div class=\"wp-block-uagb-advanced-heading uagb-block-9db982d6\"><p class=\"uagb-heading-text\"><span data-spectra-dc-field=\"current_post|custom_field|custom_key|telefon\" data-spectra-dc-advanced=\"T: |||\" data-spectra-dc-link=\"custom_field|custom_field|custom_key|telefon_link\" class=\"uag-pro-dynamic-content\">T:<\/span><\/p><\/div>\n\n\n\n<div class=\"wp-block-uagb-info-box uagb-block-d91c61fd uagb-infobox__content-wrap  uagb-infobox-icon-left-title uagb-infobox-left uagb-infobox-image-valign-top wp-block-uagb-info-box--has-margin\"><div class=\"uagb-infobox-margin-wrapper\"><div class=\"uagb-ifb-content\"><div class=\"uagb-ifb-left-title-image\"><div class=\"uagb-ifb-icon-wrap\"><svg xmlns=\"https:\/\/www.w3.org\/2000\/svg\" viewbox=\"0 0 576 512\"><path d=\"M528 32h-480C21.49 32 0 53.49 0 80V96h576V80C576 53.49 554.5 32 528 32zM0 432C0 458.5 21.49 480 48 480h480c26.51 0 48-21.49 48-48V128H0V432zM368 192h128C504.8 192 512 199.2 512 208S504.8 224 496 224h-128C359.2 224 352 216.8 352 208S359.2 192 368 192zM368 256h128C504.8 256 512 263.2 512 272S504.8 288 496 288h-128C359.2 288 352 280.8 352 272S359.2 256 368 256zM368 320h128c8.836 0 16 7.164 16 16S504.8 352 496 352h-128c-8.836 0-16-7.164-16-16S359.2 320 368 320zM176 192c35.35 0 64 28.66 64 64s-28.65 64-64 64s-64-28.66-64-64S140.7 192 176 192zM112 352h128c26.51 0 48 21.49 48 48c0 8.836-7.164 16-16 16h-192C71.16 416 64 408.8 64 400C64 373.5 85.49 352 112 352z\"><\/path><\/svg><\/div><div class=\"uagb-ifb-title-wrap\"><p class=\"uagb-ifb-title\"><span data-spectra-dc-field=\"current_post|custom_field|custom_key|vcf-label\" data-spectra-dc-link=\"custom_field|custom_field|custom_key|v-card\" class=\"uag-pro-dynamic-content\">No Content<\/span><\/p><\/div><\/div><\/div><\/div><\/div>\n<\/div>\n<\/div>\n\n<\/div><\/div><\/div><\/div><\/div>\n<\/div>","protected":false},"excerpt":{"rendered":"<p>Kollektives Arbeitsrecht geh\u00f6rt zu unseren Kernkompetenzen. Wir verhandeln im Auftrag unserer Mitgliedsbetriebe des VME mit der Industriegewerkschaft Metall (IG Metall) die regionalen Fl\u00e4chentarifvertr\u00e4ge der Metall- und Elektroindustrie Sachsen-Anhalt. Nicht tarifgebundene [&hellip;]<\/p>\n","protected":false},"author":1,"featured_media":0,"parent":11,"menu_order":0,"comment_status":"closed","ping_status":"closed","template":"","meta":{"_acf_changed":false,"inline_featured_image":false,"_uag_custom_page_level_css":"","_price":"","_stock":"","_tribe_ticket_header":"","_tribe_default_ticket_provider":"","_tribe_ticket_capacity":"","_ticket_start_date":"","_ticket_end_date":"","_tribe_ticket_show_description":"","_tribe_ticket_show_not_going":false,"_tribe_ticket_use_global_stock":"","_tribe_ticket_global_stock_level":"","_global_stock_mode":"","_global_stock_cap":"","_tribe_rsvp_for_event":"","_tribe_ticket_going_count":"","_tribe_ticket_not_going_count":"","_tribe_tickets_list":"[]","_tribe_ticket_has_attendee_info_fields":false,"footnotes":""},"class_list":["post-42","page","type-page","status-publish","hentry"],"acf":[],"yoast_head":"<!-- This site is optimized with the Yoast SEO plugin v27.3 - https:\/\/yoast.com\/product\/yoast-seo-wordpress\/ -->\n<title>Kollektives Arbeitsrecht - Arbeitgeber- und Wirtschaftsverb\u00e4nde Sachsen-Anhalt e. V.<\/title>\n<meta name=\"description\" content=\"Kompetente Unterst\u00fctzung bei Tarifpolitik und Arbeitsbeziehungen: Wir beraten Mitglieder bei Verhandlungen, Konflikten und strategischen Fragen.\" \/>\n<meta name=\"robots\" content=\"index, follow, max-snippet:-1, max-image-preview:large, max-video-preview:-1\" \/>\n<link rel=\"canonical\" href=\"https:\/\/arbeitgeber-lsa.de\/de\/vorteile\/arbeitsbeziehungen-tarifpolitik\/\" \/>\n<meta property=\"og:locale\" content=\"de_DE\" \/>\n<meta property=\"og:type\" content=\"article\" \/>\n<meta property=\"og:title\" content=\"Kollektives Arbeitsrecht - Arbeitgeber- und Wirtschaftsverb\u00e4nde Sachsen-Anhalt e. V.\" \/>\n<meta property=\"og:description\" content=\"Kompetente Unterst\u00fctzung bei Tarifpolitik und Arbeitsbeziehungen: Wir beraten Mitglieder bei Verhandlungen, Konflikten und strategischen Fragen.\" \/>\n<meta property=\"og:url\" content=\"https:\/\/arbeitgeber-lsa.de\/de\/vorteile\/arbeitsbeziehungen-tarifpolitik\/\" \/>\n<meta property=\"og:site_name\" content=\"Arbeitgeber- und Wirtschaftsverb\u00e4nde Sachsen-Anhalt e. V.\" \/>\n<meta property=\"article:modified_time\" content=\"2026-04-09T14:50:32+00:00\" \/>\n<meta name=\"twitter:card\" content=\"summary_large_image\" \/>\n<meta name=\"twitter:label1\" content=\"Gesch\u00e4tzte Lesezeit\" \/>\n\t<meta name=\"twitter:data1\" content=\"2\u00a0Minuten\" \/>\n<script type=\"application\/ld+json\" class=\"yoast-schema-graph\">{\"@context\":\"https:\\\/\\\/schema.org\",\"@graph\":[{\"@type\":\"WebPage\",\"@id\":\"https:\\\/\\\/arbeitgeber-lsa.de\\\/vorteile\\\/arbeitsbeziehungen-tarifpolitik\\\/\",\"url\":\"https:\\\/\\\/arbeitgeber-lsa.de\\\/vorteile\\\/arbeitsbeziehungen-tarifpolitik\\\/\",\"name\":\"Kollektives Arbeitsrecht - Arbeitgeber- und Wirtschaftsverb\u00e4nde Sachsen-Anhalt e. V.\",\"isPartOf\":{\"@id\":\"https:\\\/\\\/arbeitgeber-lsa.de\\\/#website\"},\"datePublished\":\"2025-07-29T18:54:14+00:00\",\"dateModified\":\"2026-04-09T14:50:32+00:00\",\"description\":\"Kompetente Unterst\u00fctzung bei Tarifpolitik und Arbeitsbeziehungen: Wir beraten Mitglieder bei Verhandlungen, Konflikten und strategischen Fragen.\",\"breadcrumb\":{\"@id\":\"https:\\\/\\\/arbeitgeber-lsa.de\\\/vorteile\\\/arbeitsbeziehungen-tarifpolitik\\\/#breadcrumb\"},\"inLanguage\":\"de\",\"potentialAction\":[{\"@type\":\"ReadAction\",\"target\":[\"https:\\\/\\\/arbeitgeber-lsa.de\\\/vorteile\\\/arbeitsbeziehungen-tarifpolitik\\\/\"]}]},{\"@type\":\"BreadcrumbList\",\"@id\":\"https:\\\/\\\/arbeitgeber-lsa.de\\\/vorteile\\\/arbeitsbeziehungen-tarifpolitik\\\/#breadcrumb\",\"itemListElement\":[{\"@type\":\"ListItem\",\"position\":1,\"name\":\"Startseite\",\"item\":\"https:\\\/\\\/arbeitgeber-lsa.de\\\/\"},{\"@type\":\"ListItem\",\"position\":2,\"name\":\"Vorteile f\u00fcr Mitglieder\",\"item\":\"https:\\\/\\\/arbeitgeber-lsa.de\\\/vorteile\\\/\"},{\"@type\":\"ListItem\",\"position\":3,\"name\":\"Kollektives Arbeitsrecht\"}]},{\"@type\":\"WebSite\",\"@id\":\"https:\\\/\\\/arbeitgeber-lsa.de\\\/#website\",\"url\":\"https:\\\/\\\/arbeitgeber-lsa.de\\\/\",\"name\":\"Arbeitgeber- und Wirtschaftsverb\u00e4nde Sachsen-Anhalt e. V.\",\"description\":\"\",\"publisher\":{\"@id\":\"https:\\\/\\\/arbeitgeber-lsa.de\\\/#organization\"},\"potentialAction\":[{\"@type\":\"SearchAction\",\"target\":{\"@type\":\"EntryPoint\",\"urlTemplate\":\"https:\\\/\\\/arbeitgeber-lsa.de\\\/?s={search_term_string}\"},\"query-input\":{\"@type\":\"PropertyValueSpecification\",\"valueRequired\":true,\"valueName\":\"search_term_string\"}}],\"inLanguage\":\"de\"},{\"@type\":\"Organization\",\"@id\":\"https:\\\/\\\/arbeitgeber-lsa.de\\\/#organization\",\"name\":\"Arbeitgeber- und Wirtschaftsverb\u00e4nde Sachsen-Anhalt e. V.\",\"url\":\"https:\\\/\\\/arbeitgeber-lsa.de\\\/\",\"logo\":{\"@type\":\"ImageObject\",\"inLanguage\":\"de\",\"@id\":\"https:\\\/\\\/arbeitgeber-lsa.de\\\/#\\\/schema\\\/logo\\\/image\\\/\",\"url\":\"https:\\\/\\\/arbeitgeber-lsa.de\\\/wp-content\\\/uploads\\\/2025\\\/08\\\/avw-logo.svg\",\"contentUrl\":\"https:\\\/\\\/arbeitgeber-lsa.de\\\/wp-content\\\/uploads\\\/2025\\\/08\\\/avw-logo.svg\",\"caption\":\"Arbeitgeber- und Wirtschaftsverb\u00e4nde Sachsen-Anhalt e. V.\"},\"image\":{\"@id\":\"https:\\\/\\\/arbeitgeber-lsa.de\\\/#\\\/schema\\\/logo\\\/image\\\/\"}}]}<\/script>\n<!-- \/ Yoast SEO plugin. -->","yoast_head_json":{"title":"Kollektives Arbeitsrecht - Arbeitgeber- und Wirtschaftsverb\u00e4nde Sachsen-Anhalt e. V.","description":"Kompetente Unterst\u00fctzung bei Tarifpolitik und Arbeitsbeziehungen: Wir beraten Mitglieder bei Verhandlungen, Konflikten und strategischen Fragen.","robots":{"index":"index","follow":"follow","max-snippet":"max-snippet:-1","max-image-preview":"max-image-preview:large","max-video-preview":"max-video-preview:-1"},"canonical":"https:\/\/arbeitgeber-lsa.de\/de\/vorteile\/arbeitsbeziehungen-tarifpolitik\/","og_locale":"de_DE","og_type":"article","og_title":"Kollektives Arbeitsrecht - Arbeitgeber- und Wirtschaftsverb\u00e4nde Sachsen-Anhalt e. V.","og_description":"Kompetente Unterst\u00fctzung bei Tarifpolitik und Arbeitsbeziehungen: Wir beraten Mitglieder bei Verhandlungen, Konflikten und strategischen Fragen.","og_url":"https:\/\/arbeitgeber-lsa.de\/de\/vorteile\/arbeitsbeziehungen-tarifpolitik\/","og_site_name":"Arbeitgeber- und Wirtschaftsverb\u00e4nde Sachsen-Anhalt e. V.","article_modified_time":"2026-04-09T14:50:32+00:00","twitter_card":"summary_large_image","twitter_misc":{"Gesch\u00e4tzte Lesezeit":"2\u00a0Minuten"},"schema":{"@context":"https:\/\/schema.org","@graph":[{"@type":"WebPage","@id":"https:\/\/arbeitgeber-lsa.de\/vorteile\/arbeitsbeziehungen-tarifpolitik\/","url":"https:\/\/arbeitgeber-lsa.de\/vorteile\/arbeitsbeziehungen-tarifpolitik\/","name":"Kollektives Arbeitsrecht - Arbeitgeber- und Wirtschaftsverb\u00e4nde Sachsen-Anhalt e. V.","isPartOf":{"@id":"https:\/\/arbeitgeber-lsa.de\/#website"},"datePublished":"2025-07-29T18:54:14+00:00","dateModified":"2026-04-09T14:50:32+00:00","description":"Kompetente Unterst\u00fctzung bei Tarifpolitik und Arbeitsbeziehungen: Wir beraten Mitglieder bei Verhandlungen, Konflikten und strategischen Fragen.","breadcrumb":{"@id":"https:\/\/arbeitgeber-lsa.de\/vorteile\/arbeitsbeziehungen-tarifpolitik\/#breadcrumb"},"inLanguage":"de","potentialAction":[{"@type":"ReadAction","target":["https:\/\/arbeitgeber-lsa.de\/vorteile\/arbeitsbeziehungen-tarifpolitik\/"]}]},{"@type":"BreadcrumbList","@id":"https:\/\/arbeitgeber-lsa.de\/vorteile\/arbeitsbeziehungen-tarifpolitik\/#breadcrumb","itemListElement":[{"@type":"ListItem","position":1,"name":"Startseite","item":"https:\/\/arbeitgeber-lsa.de\/"},{"@type":"ListItem","position":2,"name":"Vorteile f\u00fcr Mitglieder","item":"https:\/\/arbeitgeber-lsa.de\/vorteile\/"},{"@type":"ListItem","position":3,"name":"Kollektives Arbeitsrecht"}]},{"@type":"WebSite","@id":"https:\/\/arbeitgeber-lsa.de\/#website","url":"https:\/\/arbeitgeber-lsa.de\/","name":"Arbeitgeber- und Wirtschaftsverb\u00e4nde Sachsen-Anhalt e. V.","description":"","publisher":{"@id":"https:\/\/arbeitgeber-lsa.de\/#organization"},"potentialAction":[{"@type":"SearchAction","target":{"@type":"EntryPoint","urlTemplate":"https:\/\/arbeitgeber-lsa.de\/?s={search_term_string}"},"query-input":{"@type":"PropertyValueSpecification","valueRequired":true,"valueName":"search_term_string"}}],"inLanguage":"de"},{"@type":"Organization","@id":"https:\/\/arbeitgeber-lsa.de\/#organization","name":"Arbeitgeber- und Wirtschaftsverb\u00e4nde Sachsen-Anhalt e. V.","url":"https:\/\/arbeitgeber-lsa.de\/","logo":{"@type":"ImageObject","inLanguage":"de","@id":"https:\/\/arbeitgeber-lsa.de\/#\/schema\/logo\/image\/","url":"https:\/\/arbeitgeber-lsa.de\/wp-content\/uploads\/2025\/08\/avw-logo.svg","contentUrl":"https:\/\/arbeitgeber-lsa.de\/wp-content\/uploads\/2025\/08\/avw-logo.svg","caption":"Arbeitgeber- und Wirtschaftsverb\u00e4nde Sachsen-Anhalt e. V."},"image":{"@id":"https:\/\/arbeitgeber-lsa.de\/#\/schema\/logo\/image\/"}}]}},"spectra_custom_meta":{"_edit_lock":["1775746234:4"],"_edit_last":["4"],"_yoast_wpseo_content_score":["60"],"_yoast_wpseo_estimated-reading-time-minutes":["2"],"_yoast_wpseo_metadesc":["Kompetente Unterst\u00fctzung bei Tarifpolitik und Arbeitsbeziehungen: Wir beraten Mitglieder bei Verhandlungen, Konflikten und strategischen Fragen."],"_uag_css_file_name":["uag-css-42.css"],"_uag_js_file_name":["uag-js-42.js"]},"uagb_featured_image_src":{"full":false,"thumbnail":false,"medium":false,"medium_large":false,"large":false,"1536x1536":false,"2048x2048":false,"trp-custom-language-flag":false},"uagb_author_info":{"display_name":"maximilianhuhle","author_link":"https:\/\/arbeitgeber-lsa.de\/de\/author\/maximilianhuhle\/"},"uagb_comment_info":0,"uagb_excerpt":"Kollektives Arbeitsrecht geh\u00f6rt zu unseren Kernkompetenzen. Wir verhandeln im Auftrag unserer Mitgliedsbetriebe des VME mit der Industriegewerkschaft Metall (IG Metall) die regionalen Fl\u00e4chentarifvertr\u00e4ge der Metall- und Elektroindustrie Sachsen-Anhalt. Nicht tarifgebundene [&hellip;]","_links":{"self":[{"href":"https:\/\/arbeitgeber-lsa.de\/de\/wp-json\/wp\/v2\/pages\/42","targetHints":{"allow":["GET"]}}],"collection":[{"href":"https:\/\/arbeitgeber-lsa.de\/de\/wp-json\/wp\/v2\/pages"}],"about":[{"href":"https:\/\/arbeitgeber-lsa.de\/de\/wp-json\/wp\/v2\/types\/page"}],"author":[{"embeddable":true,"href":"https:\/\/arbeitgeber-lsa.de\/de\/wp-json\/wp\/v2\/users\/1"}],"replies":[{"embeddable":true,"href":"https:\/\/arbeitgeber-lsa.de\/de\/wp-json\/wp\/v2\/comments?post=42"}],"version-history":[{"count":22,"href":"https:\/\/arbeitgeber-lsa.de\/de\/wp-json\/wp\/v2\/pages\/42\/revisions"}],"predecessor-version":[{"id":1691,"href":"https:\/\/arbeitgeber-lsa.de\/de\/wp-json\/wp\/v2\/pages\/42\/revisions\/1691"}],"up":[{"embeddable":true,"href":"https:\/\/arbeitgeber-lsa.de\/de\/wp-json\/wp\/v2\/pages\/11"}],"wp:attachment":[{"href":"https:\/\/arbeitgeber-lsa.de\/de\/wp-json\/wp\/v2\/media?parent=42"}],"curies":[{"name":"wp","href":"https:\/\/api.w.org\/{rel}","templated":true}]}}