{"id":572,"date":"2026-01-13T13:58:13","date_gmt":"2026-01-13T13:58:13","guid":{"rendered":"https:\/\/arbeitgeber-lsa.de\/?page_id=572"},"modified":"2026-03-02T18:13:44","modified_gmt":"2026-03-02T17:13:44","slug":"pressefotos","status":"publish","type":"page","link":"https:\/\/arbeitgeber-lsa.de\/de\/aktuelles\/presse\/pressefotos\/","title":{"rendered":"Pressefotos"},"content":{"rendered":"<h2 class=\"wp-block-heading\">Bilder in voller Aufl\u00f6sung<\/h2>\n\n\n\n<p><a href=\"https:\/\/arbeitgeber-lsa.de\/wp-content\/uploads\/2026\/02\/\u00a9-AWSA-Marco-Langhof-Arbeitgeberpaesident-Sachsen-Anhalt-scaled.jpg\">Bild 1<\/a> &#8211; <a href=\"https:\/\/arbeitgeber-lsa.de\/wp-content\/uploads\/2026\/02\/\u00a9-AWSA-Marco-Langhof-Arbeitgeberpraesident-Sachsen-Anhalt_c-scaled.jpg\">Bild 2<\/a> &#8211; <a href=\"https:\/\/arbeitgeber-lsa.de\/wp-content\/uploads\/2026\/02\/\u00a9-AWSA-Marco-Langhof-Arbeitgeberpraesident-Sachsen-Anhalt_a-scaled.jpg\">Bild 3<\/a> &#8211; <a href=\"https:\/\/arbeitgeber-lsa.de\/wp-content\/uploads\/2026\/02\/\u00a9-AWSA-Marco-Langhof-Arbeitgeberpaesident-Sachsen-Anhalt_e-scaled.jpg\">Bild 4<\/a><\/p>\n\n\n\n<h2 class=\"wp-block-heading\">Galerie<\/h2>\n\n\n\n<figure class=\"wp-block-gallery has-nested-images columns-default is-cropped wp-block-gallery-1 is-layout-flex wp-block-gallery-is-layout-flex\">\n<figure class=\"wp-block-image size-large\"><img loading=\"lazy\" decoding=\"async\" width=\"759\" height=\"1024\" data-id=\"1318\" src=\"https:\/\/arbeitgeber-lsa.de\/wp-content\/uploads\/2026\/02\/\u00a9-AWSA-Marco-Langhof-Arbeitgeberpaesident-Sachsen-Anhalt-759x1024.jpg\" alt=\"\" class=\"wp-image-1318\" srcset=\"https:\/\/arbeitgeber-lsa.de\/wp-content\/uploads\/2026\/02\/\u00a9-AWSA-Marco-Langhof-Arbeitgeberpaesident-Sachsen-Anhalt-759x1024.jpg 759w, https:\/\/arbeitgeber-lsa.de\/wp-content\/uploads\/2026\/02\/\u00a9-AWSA-Marco-Langhof-Arbeitgeberpaesident-Sachsen-Anhalt-222x300.jpg 222w, https:\/\/arbeitgeber-lsa.de\/wp-content\/uploads\/2026\/02\/\u00a9-AWSA-Marco-Langhof-Arbeitgeberpaesident-Sachsen-Anhalt-768x1037.jpg 768w, https:\/\/arbeitgeber-lsa.de\/wp-content\/uploads\/2026\/02\/\u00a9-AWSA-Marco-Langhof-Arbeitgeberpaesident-Sachsen-Anhalt-1138x1536.jpg 1138w, https:\/\/arbeitgeber-lsa.de\/wp-content\/uploads\/2026\/02\/\u00a9-AWSA-Marco-Langhof-Arbeitgeberpaesident-Sachsen-Anhalt-1517x2048.jpg 1517w, https:\/\/arbeitgeber-lsa.de\/wp-content\/uploads\/2026\/02\/\u00a9-AWSA-Marco-Langhof-Arbeitgeberpaesident-Sachsen-Anhalt-9x12.jpg 9w, https:\/\/arbeitgeber-lsa.de\/wp-content\/uploads\/2026\/02\/\u00a9-AWSA-Marco-Langhof-Arbeitgeberpaesident-Sachsen-Anhalt-scaled.jpg 1896w\" sizes=\"auto, (max-width: 759px) 100vw, 759px\" \/><\/figure>\n\n\n\n<figure class=\"wp-block-image size-large\"><img loading=\"lazy\" decoding=\"async\" width=\"1024\" height=\"683\" data-id=\"1317\" src=\"https:\/\/arbeitgeber-lsa.de\/wp-content\/uploads\/2026\/02\/\u00a9-AWSA-Marco-Langhof-Arbeitgeberpraesident-Sachsen-Anhalt_c-1024x683.jpg\" alt=\"\" class=\"wp-image-1317\" srcset=\"https:\/\/arbeitgeber-lsa.de\/wp-content\/uploads\/2026\/02\/\u00a9-AWSA-Marco-Langhof-Arbeitgeberpraesident-Sachsen-Anhalt_c-1024x683.jpg 1024w, https:\/\/arbeitgeber-lsa.de\/wp-content\/uploads\/2026\/02\/\u00a9-AWSA-Marco-Langhof-Arbeitgeberpraesident-Sachsen-Anhalt_c-300x200.jpg 300w, https:\/\/arbeitgeber-lsa.de\/wp-content\/uploads\/2026\/02\/\u00a9-AWSA-Marco-Langhof-Arbeitgeberpraesident-Sachsen-Anhalt_c-768x512.jpg 768w, https:\/\/arbeitgeber-lsa.de\/wp-content\/uploads\/2026\/02\/\u00a9-AWSA-Marco-Langhof-Arbeitgeberpraesident-Sachsen-Anhalt_c-1536x1024.jpg 1536w, https:\/\/arbeitgeber-lsa.de\/wp-content\/uploads\/2026\/02\/\u00a9-AWSA-Marco-Langhof-Arbeitgeberpraesident-Sachsen-Anhalt_c-2048x1365.jpg 2048w, https:\/\/arbeitgeber-lsa.de\/wp-content\/uploads\/2026\/02\/\u00a9-AWSA-Marco-Langhof-Arbeitgeberpraesident-Sachsen-Anhalt_c-18x12.jpg 18w\" sizes=\"auto, (max-width: 1024px) 100vw, 1024px\" \/><\/figure>\n\n\n\n<figure class=\"wp-block-image size-large\"><img loading=\"lazy\" decoding=\"async\" width=\"683\" height=\"1024\" data-id=\"1316\" src=\"https:\/\/arbeitgeber-lsa.de\/wp-content\/uploads\/2026\/02\/\u00a9-AWSA-Marco-Langhof-Arbeitgeberpraesident-Sachsen-Anhalt_a-683x1024.jpg\" alt=\"\" class=\"wp-image-1316\" srcset=\"https:\/\/arbeitgeber-lsa.de\/wp-content\/uploads\/2026\/02\/\u00a9-AWSA-Marco-Langhof-Arbeitgeberpraesident-Sachsen-Anhalt_a-683x1024.jpg 683w, https:\/\/arbeitgeber-lsa.de\/wp-content\/uploads\/2026\/02\/\u00a9-AWSA-Marco-Langhof-Arbeitgeberpraesident-Sachsen-Anhalt_a-200x300.jpg 200w, https:\/\/arbeitgeber-lsa.de\/wp-content\/uploads\/2026\/02\/\u00a9-AWSA-Marco-Langhof-Arbeitgeberpraesident-Sachsen-Anhalt_a-768x1152.jpg 768w, https:\/\/arbeitgeber-lsa.de\/wp-content\/uploads\/2026\/02\/\u00a9-AWSA-Marco-Langhof-Arbeitgeberpraesident-Sachsen-Anhalt_a-1024x1536.jpg 1024w, https:\/\/arbeitgeber-lsa.de\/wp-content\/uploads\/2026\/02\/\u00a9-AWSA-Marco-Langhof-Arbeitgeberpraesident-Sachsen-Anhalt_a-1365x2048.jpg 1365w, https:\/\/arbeitgeber-lsa.de\/wp-content\/uploads\/2026\/02\/\u00a9-AWSA-Marco-Langhof-Arbeitgeberpraesident-Sachsen-Anhalt_a-8x12.jpg 8w, https:\/\/arbeitgeber-lsa.de\/wp-content\/uploads\/2026\/02\/\u00a9-AWSA-Marco-Langhof-Arbeitgeberpraesident-Sachsen-Anhalt_a-scaled.jpg 1707w\" sizes=\"auto, (max-width: 683px) 100vw, 683px\" \/><\/figure>\n\n\n\n<figure class=\"wp-block-image size-large\"><img loading=\"lazy\" decoding=\"async\" width=\"708\" height=\"1024\" data-id=\"1315\" src=\"https:\/\/arbeitgeber-lsa.de\/wp-content\/uploads\/2026\/02\/\u00a9-AWSA-Marco-Langhof-Arbeitgeberpaesident-Sachsen-Anhalt_e-708x1024.jpg\" alt=\"\" class=\"wp-image-1315\" srcset=\"https:\/\/arbeitgeber-lsa.de\/wp-content\/uploads\/2026\/02\/\u00a9-AWSA-Marco-Langhof-Arbeitgeberpaesident-Sachsen-Anhalt_e-708x1024.jpg 708w, https:\/\/arbeitgeber-lsa.de\/wp-content\/uploads\/2026\/02\/\u00a9-AWSA-Marco-Langhof-Arbeitgeberpaesident-Sachsen-Anhalt_e-207x300.jpg 207w, https:\/\/arbeitgeber-lsa.de\/wp-content\/uploads\/2026\/02\/\u00a9-AWSA-Marco-Langhof-Arbeitgeberpaesident-Sachsen-Anhalt_e-768x1111.jpg 768w, https:\/\/arbeitgeber-lsa.de\/wp-content\/uploads\/2026\/02\/\u00a9-AWSA-Marco-Langhof-Arbeitgeberpaesident-Sachsen-Anhalt_e-1062x1536.jpg 1062w, https:\/\/arbeitgeber-lsa.de\/wp-content\/uploads\/2026\/02\/\u00a9-AWSA-Marco-Langhof-Arbeitgeberpaesident-Sachsen-Anhalt_e-1416x2048.jpg 1416w, https:\/\/arbeitgeber-lsa.de\/wp-content\/uploads\/2026\/02\/\u00a9-AWSA-Marco-Langhof-Arbeitgeberpaesident-Sachsen-Anhalt_e-8x12.jpg 8w, https:\/\/arbeitgeber-lsa.de\/wp-content\/uploads\/2026\/02\/\u00a9-AWSA-Marco-Langhof-Arbeitgeberpaesident-Sachsen-Anhalt_e-scaled.jpg 1769w\" sizes=\"auto, (max-width: 708px) 100vw, 708px\" \/><\/figure>\n<\/figure>","protected":false},"excerpt":{"rendered":"<p>Bilder in voller Aufl\u00f6sung Bild 1 &#8211; Bild 2 &#8211; Bild 3 &#8211; Bild 4 Galerie<\/p>","protected":false},"author":1,"featured_media":0,"parent":272,"menu_order":0,"comment_status":"closed","ping_status":"closed","template":"","meta":{"_acf_changed":false,"inline_featured_image":false,"_uag_custom_page_level_css":"","_price":"","_stock":"","_tribe_ticket_header":"","_tribe_default_ticket_provider":"","_tribe_ticket_capacity":"","_ticket_start_date":"","_ticket_end_date":"","_tribe_ticket_show_description":"","_tribe_ticket_show_not_going":false,"_tribe_ticket_use_global_stock":"","_tribe_ticket_global_stock_level":"","_global_stock_mode":"","_global_stock_cap":"","_tribe_rsvp_for_event":"","_tribe_ticket_going_count":"","_tribe_ticket_not_going_count":"","_tribe_tickets_list":"[]","_tribe_ticket_has_attendee_info_fields":false,"footnotes":""},"class_list":["post-572","page","type-page","status-publish","hentry"],"acf":[],"yoast_head":"<!-- This site is optimized with the Yoast SEO plugin v27.3 - https:\/\/yoast.com\/product\/yoast-seo-wordpress\/ -->\n<title>Pressefotos - Arbeitgeber- und Wirtschaftsverb\u00e4nde Sachsen-Anhalt e. V.<\/title>\n<meta name=\"description\" content=\"Offizielle Pressefotos und Bildmaterial zum Download f\u00fcr Medien, Partner und Ver\u00f6ffentlichungen.\" \/>\n<meta name=\"robots\" content=\"index, follow, max-snippet:-1, max-image-preview:large, max-video-preview:-1\" \/>\n<link rel=\"canonical\" href=\"https:\/\/arbeitgeber-lsa.de\/de\/aktuelles\/presse\/pressefotos\/\" \/>\n<meta property=\"og:locale\" content=\"de_DE\" \/>\n<meta property=\"og:type\" content=\"article\" \/>\n<meta property=\"og:title\" content=\"Pressefotos - Arbeitgeber- und Wirtschaftsverb\u00e4nde Sachsen-Anhalt e. V.\" \/>\n<meta property=\"og:description\" content=\"Offizielle Pressefotos und Bildmaterial zum Download f\u00fcr Medien, Partner und Ver\u00f6ffentlichungen.\" \/>\n<meta property=\"og:url\" content=\"https:\/\/arbeitgeber-lsa.de\/de\/aktuelles\/presse\/pressefotos\/\" \/>\n<meta property=\"og:site_name\" content=\"Arbeitgeber- und Wirtschaftsverb\u00e4nde Sachsen-Anhalt e. V.\" \/>\n<meta property=\"article:modified_time\" content=\"2026-03-02T17:13:44+00:00\" \/>\n<meta name=\"twitter:card\" content=\"summary_large_image\" \/>\n<meta name=\"twitter:label1\" content=\"Gesch\u00e4tzte Lesezeit\" \/>\n\t<meta name=\"twitter:data1\" content=\"1\u00a0Minute\" \/>\n<script type=\"application\/ld+json\" class=\"yoast-schema-graph\">{\"@context\":\"https:\\\/\\\/schema.org\",\"@graph\":[{\"@type\":\"WebPage\",\"@id\":\"https:\\\/\\\/arbeitgeber-lsa.de\\\/aktuelles\\\/presse\\\/pressefotos\\\/\",\"url\":\"https:\\\/\\\/arbeitgeber-lsa.de\\\/aktuelles\\\/presse\\\/pressefotos\\\/\",\"name\":\"Pressefotos - Arbeitgeber- und Wirtschaftsverb\u00e4nde Sachsen-Anhalt e. V.\",\"isPartOf\":{\"@id\":\"https:\\\/\\\/arbeitgeber-lsa.de\\\/#website\"},\"datePublished\":\"2026-01-13T13:58:13+00:00\",\"dateModified\":\"2026-03-02T17:13:44+00:00\",\"description\":\"Offizielle Pressefotos und Bildmaterial zum Download f\u00fcr Medien, Partner und Ver\u00f6ffentlichungen.\",\"breadcrumb\":{\"@id\":\"https:\\\/\\\/arbeitgeber-lsa.de\\\/aktuelles\\\/presse\\\/pressefotos\\\/#breadcrumb\"},\"inLanguage\":\"de\",\"potentialAction\":[{\"@type\":\"ReadAction\",\"target\":[\"https:\\\/\\\/arbeitgeber-lsa.de\\\/aktuelles\\\/presse\\\/pressefotos\\\/\"]}]},{\"@type\":\"BreadcrumbList\",\"@id\":\"https:\\\/\\\/arbeitgeber-lsa.de\\\/aktuelles\\\/presse\\\/pressefotos\\\/#breadcrumb\",\"itemListElement\":[{\"@type\":\"ListItem\",\"position\":1,\"name\":\"Startseite\",\"item\":\"https:\\\/\\\/arbeitgeber-lsa.de\\\/\"},{\"@type\":\"ListItem\",\"position\":2,\"name\":\"Aktuelles\",\"item\":\"https:\\\/\\\/arbeitgeber-lsa.de\\\/aktuelles\\\/\"},{\"@type\":\"ListItem\",\"position\":3,\"name\":\"Presse\",\"item\":\"https:\\\/\\\/arbeitgeber-lsa.de\\\/aktuelles\\\/presse\\\/\"},{\"@type\":\"ListItem\",\"position\":4,\"name\":\"Pressefotos\"}]},{\"@type\":\"WebSite\",\"@id\":\"https:\\\/\\\/arbeitgeber-lsa.de\\\/#website\",\"url\":\"https:\\\/\\\/arbeitgeber-lsa.de\\\/\",\"name\":\"Arbeitgeber- und Wirtschaftsverb\u00e4nde Sachsen-Anhalt e. V.\",\"description\":\"\",\"publisher\":{\"@id\":\"https:\\\/\\\/arbeitgeber-lsa.de\\\/#organization\"},\"potentialAction\":[{\"@type\":\"SearchAction\",\"target\":{\"@type\":\"EntryPoint\",\"urlTemplate\":\"https:\\\/\\\/arbeitgeber-lsa.de\\\/?s={search_term_string}\"},\"query-input\":{\"@type\":\"PropertyValueSpecification\",\"valueRequired\":true,\"valueName\":\"search_term_string\"}}],\"inLanguage\":\"de\"},{\"@type\":\"Organization\",\"@id\":\"https:\\\/\\\/arbeitgeber-lsa.de\\\/#organization\",\"name\":\"Arbeitgeber- und Wirtschaftsverb\u00e4nde Sachsen-Anhalt e. V.\",\"url\":\"https:\\\/\\\/arbeitgeber-lsa.de\\\/\",\"logo\":{\"@type\":\"ImageObject\",\"inLanguage\":\"de\",\"@id\":\"https:\\\/\\\/arbeitgeber-lsa.de\\\/#\\\/schema\\\/logo\\\/image\\\/\",\"url\":\"https:\\\/\\\/arbeitgeber-lsa.de\\\/wp-content\\\/uploads\\\/2025\\\/08\\\/avw-logo.svg\",\"contentUrl\":\"https:\\\/\\\/arbeitgeber-lsa.de\\\/wp-content\\\/uploads\\\/2025\\\/08\\\/avw-logo.svg\",\"caption\":\"Arbeitgeber- und Wirtschaftsverb\u00e4nde Sachsen-Anhalt e. V.\"},\"image\":{\"@id\":\"https:\\\/\\\/arbeitgeber-lsa.de\\\/#\\\/schema\\\/logo\\\/image\\\/\"}}]}<\/script>\n<!-- \/ Yoast SEO plugin. -->","yoast_head_json":{"title":"Pressefotos - Arbeitgeber- und Wirtschaftsverb\u00e4nde Sachsen-Anhalt e. V.","description":"Offizielle Pressefotos und Bildmaterial zum Download f\u00fcr Medien, Partner und Ver\u00f6ffentlichungen.","robots":{"index":"index","follow":"follow","max-snippet":"max-snippet:-1","max-image-preview":"max-image-preview:large","max-video-preview":"max-video-preview:-1"},"canonical":"https:\/\/arbeitgeber-lsa.de\/de\/aktuelles\/presse\/pressefotos\/","og_locale":"de_DE","og_type":"article","og_title":"Pressefotos - Arbeitgeber- und Wirtschaftsverb\u00e4nde Sachsen-Anhalt e. V.","og_description":"Offizielle Pressefotos und Bildmaterial zum Download f\u00fcr Medien, Partner und Ver\u00f6ffentlichungen.","og_url":"https:\/\/arbeitgeber-lsa.de\/de\/aktuelles\/presse\/pressefotos\/","og_site_name":"Arbeitgeber- und Wirtschaftsverb\u00e4nde Sachsen-Anhalt e. V.","article_modified_time":"2026-03-02T17:13:44+00:00","twitter_card":"summary_large_image","twitter_misc":{"Gesch\u00e4tzte Lesezeit":"1\u00a0Minute"},"schema":{"@context":"https:\/\/schema.org","@graph":[{"@type":"WebPage","@id":"https:\/\/arbeitgeber-lsa.de\/aktuelles\/presse\/pressefotos\/","url":"https:\/\/arbeitgeber-lsa.de\/aktuelles\/presse\/pressefotos\/","name":"Pressefotos - Arbeitgeber- und Wirtschaftsverb\u00e4nde Sachsen-Anhalt e. V.","isPartOf":{"@id":"https:\/\/arbeitgeber-lsa.de\/#website"},"datePublished":"2026-01-13T13:58:13+00:00","dateModified":"2026-03-02T17:13:44+00:00","description":"Offizielle Pressefotos und Bildmaterial zum Download f\u00fcr Medien, Partner und Ver\u00f6ffentlichungen.","breadcrumb":{"@id":"https:\/\/arbeitgeber-lsa.de\/aktuelles\/presse\/pressefotos\/#breadcrumb"},"inLanguage":"de","potentialAction":[{"@type":"ReadAction","target":["https:\/\/arbeitgeber-lsa.de\/aktuelles\/presse\/pressefotos\/"]}]},{"@type":"BreadcrumbList","@id":"https:\/\/arbeitgeber-lsa.de\/aktuelles\/presse\/pressefotos\/#breadcrumb","itemListElement":[{"@type":"ListItem","position":1,"name":"Startseite","item":"https:\/\/arbeitgeber-lsa.de\/"},{"@type":"ListItem","position":2,"name":"Aktuelles","item":"https:\/\/arbeitgeber-lsa.de\/aktuelles\/"},{"@type":"ListItem","position":3,"name":"Presse","item":"https:\/\/arbeitgeber-lsa.de\/aktuelles\/presse\/"},{"@type":"ListItem","position":4,"name":"Pressefotos"}]},{"@type":"WebSite","@id":"https:\/\/arbeitgeber-lsa.de\/#website","url":"https:\/\/arbeitgeber-lsa.de\/","name":"Arbeitgeber- und Wirtschaftsverb\u00e4nde Sachsen-Anhalt e. V.","description":"","publisher":{"@id":"https:\/\/arbeitgeber-lsa.de\/#organization"},"potentialAction":[{"@type":"SearchAction","target":{"@type":"EntryPoint","urlTemplate":"https:\/\/arbeitgeber-lsa.de\/?s={search_term_string}"},"query-input":{"@type":"PropertyValueSpecification","valueRequired":true,"valueName":"search_term_string"}}],"inLanguage":"de"},{"@type":"Organization","@id":"https:\/\/arbeitgeber-lsa.de\/#organization","name":"Arbeitgeber- und Wirtschaftsverb\u00e4nde Sachsen-Anhalt e. V.","url":"https:\/\/arbeitgeber-lsa.de\/","logo":{"@type":"ImageObject","inLanguage":"de","@id":"https:\/\/arbeitgeber-lsa.de\/#\/schema\/logo\/image\/","url":"https:\/\/arbeitgeber-lsa.de\/wp-content\/uploads\/2025\/08\/avw-logo.svg","contentUrl":"https:\/\/arbeitgeber-lsa.de\/wp-content\/uploads\/2025\/08\/avw-logo.svg","caption":"Arbeitgeber- und Wirtschaftsverb\u00e4nde Sachsen-Anhalt e. V."},"image":{"@id":"https:\/\/arbeitgeber-lsa.de\/#\/schema\/logo\/image\/"}}]}},"spectra_custom_meta":{"_edit_lock":["1772471626:1"],"_edit_last":["1"],"_yoast_wpseo_content_score":["90"],"_yoast_wpseo_estimated-reading-time-minutes":["1"],"_yoast_wpseo_metadesc":["Offizielle Pressefotos und Bildmaterial zum Download f\u00fcr Medien, Partner und Ver\u00f6ffentlichungen."],"_uag_css_file_name":["uag-css-572.css"],"_uag_js_file_name":["uag-js-572.js"]},"uagb_featured_image_src":{"full":false,"thumbnail":false,"medium":false,"medium_large":false,"large":false,"1536x1536":false,"2048x2048":false,"trp-custom-language-flag":false},"uagb_author_info":{"display_name":"maximilianhuhle","author_link":"https:\/\/arbeitgeber-lsa.de\/de\/author\/maximilianhuhle\/"},"uagb_comment_info":0,"uagb_excerpt":"Bilder in voller Aufl\u00f6sung Bild 1 &#8211; Bild 2 &#8211; Bild 3 &#8211; Bild 4 Galerie","_links":{"self":[{"href":"https:\/\/arbeitgeber-lsa.de\/de\/wp-json\/wp\/v2\/pages\/572","targetHints":{"allow":["GET"]}}],"collection":[{"href":"https:\/\/arbeitgeber-lsa.de\/de\/wp-json\/wp\/v2\/pages"}],"about":[{"href":"https:\/\/arbeitgeber-lsa.de\/de\/wp-json\/wp\/v2\/types\/page"}],"author":[{"embeddable":true,"href":"https:\/\/arbeitgeber-lsa.de\/de\/wp-json\/wp\/v2\/users\/1"}],"replies":[{"embeddable":true,"href":"https:\/\/arbeitgeber-lsa.de\/de\/wp-json\/wp\/v2\/comments?post=572"}],"version-history":[{"count":4,"href":"https:\/\/arbeitgeber-lsa.de\/de\/wp-json\/wp\/v2\/pages\/572\/revisions"}],"predecessor-version":[{"id":1509,"href":"https:\/\/arbeitgeber-lsa.de\/de\/wp-json\/wp\/v2\/pages\/572\/revisions\/1509"}],"up":[{"embeddable":true,"href":"https:\/\/arbeitgeber-lsa.de\/de\/wp-json\/wp\/v2\/pages\/272"}],"wp:attachment":[{"href":"https:\/\/arbeitgeber-lsa.de\/de\/wp-json\/wp\/v2\/media?parent=572"}],"curies":[{"name":"wp","href":"https:\/\/api.w.org\/{rel}","templated":true}]}}