{"id":8,"date":"2025-07-29T18:04:15","date_gmt":"2025-07-29T18:04:15","guid":{"rendered":"https:\/\/arbeitgeber-lsa.de\/?page_id=8"},"modified":"2026-03-02T18:38:35","modified_gmt":"2026-03-02T17:38:35","slug":"wer-wir-sind","status":"publish","type":"page","link":"https:\/\/arbeitgeber-lsa.de\/de\/wer-wir-sind\/","title":{"rendered":"Wer wir sind"},"content":{"rendered":"<div class=\"wp-block-columns mb-5 is-layout-flex wp-container-core-columns-is-layout-9d6595d7 wp-block-columns-is-layout-flex\">\n<div class=\"wp-block-column after-white has-white-background-color has-background is-layout-flow wp-block-column-is-layout-flow\">\n<div class=\"wp-block-group p-4 is-layout-constrained wp-block-group-is-layout-constrained\">\n<figure class=\"wp-block-image size-full is-resized\"><a href=\"https:\/\/arbeitgeber-lsa.de\/de\/wer-wir-sind\/verband-der-metall-und-elektroindustrie-sachsen-anhalt-e-v\/\"><img decoding=\"async\" src=\"https:\/\/arbeitgeber-lsa.de\/wp-content\/uploads\/2025\/08\/vme-logo.svg\" alt=\"\" class=\"wp-image-187\" style=\"width:120px\"\/><\/a><\/figure>\n\n\n\n<p><a href=\"https:\/\/arbeitgeber-lsa.de\/de\/wer-wir-sind\/verband-der-metall-und-elektroindustrie-sachsen-anhalt-e-v\/\" type=\"page\" id=\"886\">Verband der Metall-und Elektroindustrie Sachsen-Anhalt e. V.<\/a><\/p>\n<\/div>\n<\/div>\n\n\n\n<div class=\"wp-block-column after-white has-white-background-color has-background is-layout-flow wp-block-column-is-layout-flow\">\n<div class=\"wp-block-group p-4 is-layout-constrained wp-block-group-is-layout-constrained\">\n<figure class=\"wp-block-image size-full is-resized\"><a href=\"https:\/\/arbeitgeber-lsa.de\/de\/wer-wir-sind\/landesverband-metall-elektroindustrie-und-industrienaher-dienstleistungen-sachsen-anhalt-e-v\/\"><img decoding=\"async\" src=\"https:\/\/arbeitgeber-lsa.de\/wp-content\/uploads\/2025\/08\/lvme-logo.svg\" alt=\"\" class=\"wp-image-188\" style=\"width:120px\"\/><\/a><\/figure>\n\n\n\n<p><a href=\"https:\/\/arbeitgeber-lsa.de\/de\/wer-wir-sind\/landesverband-metall-elektroindustrie-und-industrienaher-dienstleistungen-sachsen-anhalt-e-v\/\" type=\"page\" id=\"888\">Landesverband Metall-, Elektroindustrie und industrienaher Dienstleistungen Sachsen-Anhalt e. V.<\/a><\/p>\n<\/div>\n<\/div>\n\n\n\n<div class=\"wp-block-column after-white has-white-background-color has-background is-layout-flow wp-block-column-is-layout-flow\">\n<div class=\"wp-block-group p-4 is-layout-constrained wp-block-group-is-layout-constrained\">\n<figure class=\"wp-block-image size-full is-resized\"><a href=\"https:\/\/arbeitgeber-lsa.de\/de\/wer-wir-sind\/verband-der-it-und-multimediaindustrie-sachsen-anhalt-e-v\/\"><img decoding=\"async\" src=\"https:\/\/arbeitgeber-lsa.de\/wp-content\/uploads\/2025\/08\/vitm-logo.svg\" alt=\"\" class=\"wp-image-186\" style=\"width:100px\"\/><\/a><\/figure>\n\n\n\n<p><a href=\"https:\/\/arbeitgeber-lsa.de\/de\/wer-wir-sind\/verband-der-it-und-multimediaindustrie-sachsen-anhalt-e-v\/\" type=\"page\" id=\"892\">Verband der IT- und Multimediaindustrie Sachsen-Anhalt e. V.<\/a><\/p>\n<\/div>\n<\/div>\n<\/div>","protected":false},"excerpt":{"rendered":"<p>Verband der Metall-und Elektroindustrie Sachsen-Anhalt e. V. Landesverband Metall-, Elektroindustrie und industrienaher Dienstleistungen Sachsen-Anhalt e. V. Verband der IT- und Multimediaindustrie Sachsen-Anhalt e. V.<\/p>","protected":false},"author":1,"featured_media":0,"parent":0,"menu_order":0,"comment_status":"closed","ping_status":"closed","template":"","meta":{"_acf_changed":false,"inline_featured_image":false,"_uag_custom_page_level_css":"","_price":"","_stock":"","_tribe_ticket_header":"","_tribe_default_ticket_provider":"","_tribe_ticket_capacity":"","_ticket_start_date":"","_ticket_end_date":"","_tribe_ticket_show_description":"","_tribe_ticket_show_not_going":false,"_tribe_ticket_use_global_stock":"","_tribe_ticket_global_stock_level":"","_global_stock_mode":"","_global_stock_cap":"","_tribe_rsvp_for_event":"","_tribe_ticket_going_count":"","_tribe_ticket_not_going_count":"","_tribe_tickets_list":"[]","_tribe_ticket_has_attendee_info_fields":false,"footnotes":""},"class_list":["post-8","page","type-page","status-publish","hentry"],"acf":[],"yoast_head":"<!-- This site is optimized with the Yoast SEO plugin v27.3 - https:\/\/yoast.com\/product\/yoast-seo-wordpress\/ -->\n<title>Wer wir sind - Arbeitgeber- und Wirtschaftsverb\u00e4nde Sachsen-Anhalt e. V.<\/title>\n<meta name=\"description\" content=\"N\u00e4here Informationen zu unseren Verb\u00e4nden.\" \/>\n<meta name=\"robots\" content=\"index, follow, max-snippet:-1, max-image-preview:large, max-video-preview:-1\" \/>\n<link rel=\"canonical\" href=\"https:\/\/arbeitgeber-lsa.de\/de\/wer-wir-sind\/\" \/>\n<meta property=\"og:locale\" content=\"de_DE\" \/>\n<meta property=\"og:type\" content=\"article\" \/>\n<meta property=\"og:title\" content=\"Wer wir sind - Arbeitgeber- und Wirtschaftsverb\u00e4nde Sachsen-Anhalt e. V.\" \/>\n<meta property=\"og:description\" content=\"N\u00e4here Informationen zu unseren Verb\u00e4nden.\" \/>\n<meta property=\"og:url\" content=\"https:\/\/arbeitgeber-lsa.de\/de\/wer-wir-sind\/\" \/>\n<meta property=\"og:site_name\" content=\"Arbeitgeber- und Wirtschaftsverb\u00e4nde Sachsen-Anhalt e. V.\" \/>\n<meta property=\"article:modified_time\" content=\"2026-03-02T17:38:35+00:00\" \/>\n<meta name=\"twitter:card\" content=\"summary_large_image\" \/>\n<meta name=\"twitter:label1\" content=\"Gesch\u00e4tzte Lesezeit\" \/>\n\t<meta name=\"twitter:data1\" content=\"1\u00a0Minute\" \/>\n<script type=\"application\/ld+json\" class=\"yoast-schema-graph\">{\"@context\":\"https:\\\/\\\/schema.org\",\"@graph\":[{\"@type\":\"WebPage\",\"@id\":\"https:\\\/\\\/arbeitgeber-lsa.de\\\/wer-wir-sind\\\/\",\"url\":\"https:\\\/\\\/arbeitgeber-lsa.de\\\/wer-wir-sind\\\/\",\"name\":\"Wer wir sind - Arbeitgeber- und Wirtschaftsverb\u00e4nde Sachsen-Anhalt e. V.\",\"isPartOf\":{\"@id\":\"https:\\\/\\\/arbeitgeber-lsa.de\\\/#website\"},\"primaryImageOfPage\":{\"@id\":\"https:\\\/\\\/arbeitgeber-lsa.de\\\/wer-wir-sind\\\/#primaryimage\"},\"image\":{\"@id\":\"https:\\\/\\\/arbeitgeber-lsa.de\\\/wer-wir-sind\\\/#primaryimage\"},\"thumbnailUrl\":\"https:\\\/\\\/arbeitgeber-lsa.de\\\/wp-content\\\/uploads\\\/2025\\\/08\\\/vme-logo.svg\",\"datePublished\":\"2025-07-29T18:04:15+00:00\",\"dateModified\":\"2026-03-02T17:38:35+00:00\",\"description\":\"N\u00e4here Informationen zu unseren Verb\u00e4nden.\",\"breadcrumb\":{\"@id\":\"https:\\\/\\\/arbeitgeber-lsa.de\\\/wer-wir-sind\\\/#breadcrumb\"},\"inLanguage\":\"de\",\"potentialAction\":[{\"@type\":\"ReadAction\",\"target\":[\"https:\\\/\\\/arbeitgeber-lsa.de\\\/wer-wir-sind\\\/\"]}]},{\"@type\":\"ImageObject\",\"inLanguage\":\"de\",\"@id\":\"https:\\\/\\\/arbeitgeber-lsa.de\\\/wer-wir-sind\\\/#primaryimage\",\"url\":\"https:\\\/\\\/arbeitgeber-lsa.de\\\/wp-content\\\/uploads\\\/2025\\\/08\\\/vme-logo.svg\",\"contentUrl\":\"https:\\\/\\\/arbeitgeber-lsa.de\\\/wp-content\\\/uploads\\\/2025\\\/08\\\/vme-logo.svg\"},{\"@type\":\"BreadcrumbList\",\"@id\":\"https:\\\/\\\/arbeitgeber-lsa.de\\\/wer-wir-sind\\\/#breadcrumb\",\"itemListElement\":[{\"@type\":\"ListItem\",\"position\":1,\"name\":\"Startseite\",\"item\":\"https:\\\/\\\/arbeitgeber-lsa.de\\\/\"},{\"@type\":\"ListItem\",\"position\":2,\"name\":\"Wer wir sind\"}]},{\"@type\":\"WebSite\",\"@id\":\"https:\\\/\\\/arbeitgeber-lsa.de\\\/#website\",\"url\":\"https:\\\/\\\/arbeitgeber-lsa.de\\\/\",\"name\":\"Arbeitgeber- und Wirtschaftsverb\u00e4nde Sachsen-Anhalt e. V.\",\"description\":\"\",\"publisher\":{\"@id\":\"https:\\\/\\\/arbeitgeber-lsa.de\\\/#organization\"},\"potentialAction\":[{\"@type\":\"SearchAction\",\"target\":{\"@type\":\"EntryPoint\",\"urlTemplate\":\"https:\\\/\\\/arbeitgeber-lsa.de\\\/?s={search_term_string}\"},\"query-input\":{\"@type\":\"PropertyValueSpecification\",\"valueRequired\":true,\"valueName\":\"search_term_string\"}}],\"inLanguage\":\"de\"},{\"@type\":\"Organization\",\"@id\":\"https:\\\/\\\/arbeitgeber-lsa.de\\\/#organization\",\"name\":\"Arbeitgeber- und Wirtschaftsverb\u00e4nde Sachsen-Anhalt e. V.\",\"url\":\"https:\\\/\\\/arbeitgeber-lsa.de\\\/\",\"logo\":{\"@type\":\"ImageObject\",\"inLanguage\":\"de\",\"@id\":\"https:\\\/\\\/arbeitgeber-lsa.de\\\/#\\\/schema\\\/logo\\\/image\\\/\",\"url\":\"https:\\\/\\\/arbeitgeber-lsa.de\\\/wp-content\\\/uploads\\\/2025\\\/08\\\/avw-logo.svg\",\"contentUrl\":\"https:\\\/\\\/arbeitgeber-lsa.de\\\/wp-content\\\/uploads\\\/2025\\\/08\\\/avw-logo.svg\",\"caption\":\"Arbeitgeber- und Wirtschaftsverb\u00e4nde Sachsen-Anhalt e. V.\"},\"image\":{\"@id\":\"https:\\\/\\\/arbeitgeber-lsa.de\\\/#\\\/schema\\\/logo\\\/image\\\/\"}}]}<\/script>\n<!-- \/ Yoast SEO plugin. -->","yoast_head_json":{"title":"Wer wir sind - Arbeitgeber- und Wirtschaftsverb\u00e4nde Sachsen-Anhalt e. V.","description":"N\u00e4here Informationen zu unseren Verb\u00e4nden.","robots":{"index":"index","follow":"follow","max-snippet":"max-snippet:-1","max-image-preview":"max-image-preview:large","max-video-preview":"max-video-preview:-1"},"canonical":"https:\/\/arbeitgeber-lsa.de\/de\/wer-wir-sind\/","og_locale":"de_DE","og_type":"article","og_title":"Wer wir sind - Arbeitgeber- und Wirtschaftsverb\u00e4nde Sachsen-Anhalt e. V.","og_description":"N\u00e4here Informationen zu unseren Verb\u00e4nden.","og_url":"https:\/\/arbeitgeber-lsa.de\/de\/wer-wir-sind\/","og_site_name":"Arbeitgeber- und Wirtschaftsverb\u00e4nde Sachsen-Anhalt e. V.","article_modified_time":"2026-03-02T17:38:35+00:00","twitter_card":"summary_large_image","twitter_misc":{"Gesch\u00e4tzte Lesezeit":"1\u00a0Minute"},"schema":{"@context":"https:\/\/schema.org","@graph":[{"@type":"WebPage","@id":"https:\/\/arbeitgeber-lsa.de\/wer-wir-sind\/","url":"https:\/\/arbeitgeber-lsa.de\/wer-wir-sind\/","name":"Wer wir sind - Arbeitgeber- und Wirtschaftsverb\u00e4nde Sachsen-Anhalt e. V.","isPartOf":{"@id":"https:\/\/arbeitgeber-lsa.de\/#website"},"primaryImageOfPage":{"@id":"https:\/\/arbeitgeber-lsa.de\/wer-wir-sind\/#primaryimage"},"image":{"@id":"https:\/\/arbeitgeber-lsa.de\/wer-wir-sind\/#primaryimage"},"thumbnailUrl":"https:\/\/arbeitgeber-lsa.de\/wp-content\/uploads\/2025\/08\/vme-logo.svg","datePublished":"2025-07-29T18:04:15+00:00","dateModified":"2026-03-02T17:38:35+00:00","description":"N\u00e4here Informationen zu unseren Verb\u00e4nden.","breadcrumb":{"@id":"https:\/\/arbeitgeber-lsa.de\/wer-wir-sind\/#breadcrumb"},"inLanguage":"de","potentialAction":[{"@type":"ReadAction","target":["https:\/\/arbeitgeber-lsa.de\/wer-wir-sind\/"]}]},{"@type":"ImageObject","inLanguage":"de","@id":"https:\/\/arbeitgeber-lsa.de\/wer-wir-sind\/#primaryimage","url":"https:\/\/arbeitgeber-lsa.de\/wp-content\/uploads\/2025\/08\/vme-logo.svg","contentUrl":"https:\/\/arbeitgeber-lsa.de\/wp-content\/uploads\/2025\/08\/vme-logo.svg"},{"@type":"BreadcrumbList","@id":"https:\/\/arbeitgeber-lsa.de\/wer-wir-sind\/#breadcrumb","itemListElement":[{"@type":"ListItem","position":1,"name":"Startseite","item":"https:\/\/arbeitgeber-lsa.de\/"},{"@type":"ListItem","position":2,"name":"Wer wir sind"}]},{"@type":"WebSite","@id":"https:\/\/arbeitgeber-lsa.de\/#website","url":"https:\/\/arbeitgeber-lsa.de\/","name":"Arbeitgeber- und Wirtschaftsverb\u00e4nde Sachsen-Anhalt e. V.","description":"","publisher":{"@id":"https:\/\/arbeitgeber-lsa.de\/#organization"},"potentialAction":[{"@type":"SearchAction","target":{"@type":"EntryPoint","urlTemplate":"https:\/\/arbeitgeber-lsa.de\/?s={search_term_string}"},"query-input":{"@type":"PropertyValueSpecification","valueRequired":true,"valueName":"search_term_string"}}],"inLanguage":"de"},{"@type":"Organization","@id":"https:\/\/arbeitgeber-lsa.de\/#organization","name":"Arbeitgeber- und Wirtschaftsverb\u00e4nde Sachsen-Anhalt e. V.","url":"https:\/\/arbeitgeber-lsa.de\/","logo":{"@type":"ImageObject","inLanguage":"de","@id":"https:\/\/arbeitgeber-lsa.de\/#\/schema\/logo\/image\/","url":"https:\/\/arbeitgeber-lsa.de\/wp-content\/uploads\/2025\/08\/avw-logo.svg","contentUrl":"https:\/\/arbeitgeber-lsa.de\/wp-content\/uploads\/2025\/08\/avw-logo.svg","caption":"Arbeitgeber- und Wirtschaftsverb\u00e4nde Sachsen-Anhalt e. V."},"image":{"@id":"https:\/\/arbeitgeber-lsa.de\/#\/schema\/logo\/image\/"}}]}},"spectra_custom_meta":{"_edit_lock":["1772473118:1"],"_edit_last":["1"],"_yoast_wpseo_content_score":["90"],"_yoast_wpseo_estimated-reading-time-minutes":["1"],"_yoast_wpseo_metadesc":["N\u00e4here Informationen zu unseren Verb\u00e4nden."],"_uag_css_file_name":["uag-css-8.css"],"_uag_js_file_name":["uag-js-8.js"]},"uagb_featured_image_src":{"full":false,"thumbnail":false,"medium":false,"medium_large":false,"large":false,"1536x1536":false,"2048x2048":false,"trp-custom-language-flag":false},"uagb_author_info":{"display_name":"maximilianhuhle","author_link":"https:\/\/arbeitgeber-lsa.de\/de\/author\/maximilianhuhle\/"},"uagb_comment_info":0,"uagb_excerpt":"Verband der Metall-und Elektroindustrie Sachsen-Anhalt e. V. Landesverband Metall-, Elektroindustrie und industrienaher Dienstleistungen Sachsen-Anhalt e. V. Verband der IT- und Multimediaindustrie Sachsen-Anhalt e. V.","_links":{"self":[{"href":"https:\/\/arbeitgeber-lsa.de\/de\/wp-json\/wp\/v2\/pages\/8","targetHints":{"allow":["GET"]}}],"collection":[{"href":"https:\/\/arbeitgeber-lsa.de\/de\/wp-json\/wp\/v2\/pages"}],"about":[{"href":"https:\/\/arbeitgeber-lsa.de\/de\/wp-json\/wp\/v2\/types\/page"}],"author":[{"embeddable":true,"href":"https:\/\/arbeitgeber-lsa.de\/de\/wp-json\/wp\/v2\/users\/1"}],"replies":[{"embeddable":true,"href":"https:\/\/arbeitgeber-lsa.de\/de\/wp-json\/wp\/v2\/comments?post=8"}],"version-history":[{"count":43,"href":"https:\/\/arbeitgeber-lsa.de\/de\/wp-json\/wp\/v2\/pages\/8\/revisions"}],"predecessor-version":[{"id":974,"href":"https:\/\/arbeitgeber-lsa.de\/de\/wp-json\/wp\/v2\/pages\/8\/revisions\/974"}],"wp:attachment":[{"href":"https:\/\/arbeitgeber-lsa.de\/de\/wp-json\/wp\/v2\/media?parent=8"}],"curies":[{"name":"wp","href":"https:\/\/api.w.org\/{rel}","templated":true}]}}